{"id":5820,"date":"2022-09-30T01:00:34","date_gmt":"2022-09-30T01:00:34","guid":{"rendered":"https:\/\/pensiongrol.nl\/?post_type=product&#038;p=5820"},"modified":"2026-03-27T19:29:52","modified_gmt":"2026-03-27T19:29:52","slug":"chambre-prestige","status":"publish","type":"product","link":"https:\/\/pensiongrol.nl\/fr\/produit\/chambre-prestige\/","title":{"rendered":"CHAMBRE PRESTIGE"},"content":{"rendered":"\t\t<div data-elementor-type=\"product-post\" data-elementor-id=\"5820\" class=\"elementor elementor-5820\" data-elementor-post-type=\"product\">\n\t\t\t\t\t\t<section class=\"elementor-section elementor-top-section elementor-element elementor-element-19e0906 elementor-section-boxed elementor-section-height-default elementor-section-height-default\" data-id=\"19e0906\" data-element_type=\"section\" data-e-type=\"section\">\n\t\t\t\t\t\t<div class=\"elementor-container elementor-column-gap-default\">\n\t\t\t\t\t<div class=\"elementor-column elementor-col-100 elementor-top-column elementor-element elementor-element-708cf7e6\" data-id=\"708cf7e6\" data-element_type=\"column\" data-e-type=\"column\">\n\t\t\t<div class=\"elementor-widget-wrap elementor-element-populated\">\n\t\t\t\t\t\t<div class=\"elementor-element elementor-element-7adc9623 elementor-widget elementor-widget-text-editor\" data-id=\"7adc9623\" data-element_type=\"widget\" data-e-type=\"widget\" data-widget_type=\"text-editor.default\">\n\t\t\t\t\t\t\t\t\t<p>Tr\u00e8s spacieuse et luxueuse chambre \u00e0 deux lits au rez-de-chauss\u00e9e. Cette chambre est d\u00e9cor\u00e9e avec go\u00fbt, avec un tr\u00e8s confortable lit pour deux personnes. En plus cette chambre est \u00e9quip\u00e9e avec une cabine de douche \u00e0 d\u00e9bit de massage diff\u00e9renci\u00e9 et avec la fonction douche normale.<\/p>\n<ul class=\"badkamer\">\n<li style=\"font-weight: 400\">lit pour deux personnes (1.80 x 2.00 m.)<\/li>\n<li style=\"font-weight: 400\">cabine de douche dans la chambre (pas dans la salle de bains)<\/li>\n<li style=\"font-weight: 400\">salle de bains avec lavabo et W.C.<\/li>\n<li style=\"font-weight: 400\">coin salon avec deux fauteuils dans la serre pr\u00e8s de l\u2019entr\u00e9e et qui fait partie de cette&nbsp;Chambre Prestige<\/li>\n<li style=\"font-weight: 400\">coin \u00e0 manger avec deux chaises<\/li>\n<li style=\"font-weight: 400\">garde-robe<\/li>\n<li style=\"font-weight: 400\">grand frigidaire SMEG<\/li>\n<li style=\"font-weight: 400\">TV \u00e9cran plat orientable, peut \u00eatre tourn\u00e9 vers le lit<\/li>\n<li style=\"font-weight: 400\">climatisation r\u00e9versible (chaud et froid)<\/li>\n<\/ul>\n<p><strong>Le prix varie de 160,00 \u20ac \u00e0 200,00 \u20ac par chambre par nuit, petit d\u00e9jeuner et taxe de s\u00e9jour inclus.<\/strong><\/p>\t\t\t\t\t\t\t\t<\/div>\n\t\t\t\t\t<\/div>\n\t\t<\/div>\n\t\t\t\t\t<\/div>\n\t\t<\/section>\n\t\t\t\t<\/div>\n\t\t","protected":false},"excerpt":{"rendered":"<p>Tr\u00e8s spacieuse et luxueuse chambre \u00e0 deux lits au rez-de-chauss\u00e9e. Cette chambre est d\u00e9cor\u00e9e avec go\u00fbt, avec un tr\u00e8s confortable lit pour deux personnes.<\/p>\n","protected":false},"featured_media":10124,"template":"","meta":{"_acf_changed":false},"product_brand":[],"product_cat":[],"product_tag":[],"class_list":{"0":"post-5820","1":"product","2":"type-product","3":"status-publish","4":"has-post-thumbnail","7":"first","8":"instock","9":"shipping-taxable","10":"product-type-simple"},"acf":[],"_links":{"self":[{"href":"https:\/\/pensiongrol.nl\/fr\/wp-json\/wp\/v2\/product\/5820","targetHints":{"allow":["GET"]}}],"collection":[{"href":"https:\/\/pensiongrol.nl\/fr\/wp-json\/wp\/v2\/product"}],"about":[{"href":"https:\/\/pensiongrol.nl\/fr\/wp-json\/wp\/v2\/types\/product"}],"version-history":[{"count":22,"href":"https:\/\/pensiongrol.nl\/fr\/wp-json\/wp\/v2\/product\/5820\/revisions"}],"predecessor-version":[{"id":11406,"href":"https:\/\/pensiongrol.nl\/fr\/wp-json\/wp\/v2\/product\/5820\/revisions\/11406"}],"wp:featuredmedia":[{"embeddable":true,"href":"https:\/\/pensiongrol.nl\/fr\/wp-json\/wp\/v2\/media\/10124"}],"wp:attachment":[{"href":"https:\/\/pensiongrol.nl\/fr\/wp-json\/wp\/v2\/media?parent=5820"}],"wp:term":[{"taxonomy":"product_brand","embeddable":true,"href":"https:\/\/pensiongrol.nl\/fr\/wp-json\/wp\/v2\/product_brand?post=5820"},{"taxonomy":"product_cat","embeddable":true,"href":"https:\/\/pensiongrol.nl\/fr\/wp-json\/wp\/v2\/product_cat?post=5820"},{"taxonomy":"product_tag","embeddable":true,"href":"https:\/\/pensiongrol.nl\/fr\/wp-json\/wp\/v2\/product_tag?post=5820"}],"curies":[{"name":"wp","href":"https:\/\/api.w.org\/{rel}","templated":true}]}}