{"id":5819,"date":"2022-09-30T03:00:34","date_gmt":"2022-09-30T03:00:34","guid":{"rendered":"https:\/\/pensiongrol.nl\/?post_type=product&#038;p=5819"},"modified":"2026-04-01T11:37:53","modified_gmt":"2026-04-01T11:37:53","slug":"chambre-panoramique","status":"publish","type":"product","link":"https:\/\/pensiongrol.nl\/fr\/produit\/chambre-panoramique\/","title":{"rendered":"CHAMBRE PANORAMIQUE"},"content":{"rendered":"\t\t<div data-elementor-type=\"product-post\" data-elementor-id=\"5819\" class=\"elementor elementor-5819\" data-elementor-post-type=\"product\">\n\t\t\t\t\t\t<section class=\"elementor-section elementor-top-section elementor-element elementor-element-17104ec0 elementor-section-boxed elementor-section-height-default elementor-section-height-default\" data-id=\"17104ec0\" data-element_type=\"section\" data-e-type=\"section\">\n\t\t\t\t\t\t<div class=\"elementor-container elementor-column-gap-default\">\n\t\t\t\t\t<div class=\"elementor-column elementor-col-100 elementor-top-column elementor-element elementor-element-3e0b8186\" data-id=\"3e0b8186\" data-element_type=\"column\" data-e-type=\"column\">\n\t\t\t<div class=\"elementor-widget-wrap elementor-element-populated\">\n\t\t\t\t\t\t<div class=\"elementor-element elementor-element-2562f254 elementor-widget elementor-widget-text-editor\" data-id=\"2562f254\" data-element_type=\"widget\" data-e-type=\"widget\" data-widget_type=\"text-editor.default\">\n\t\t\t\t\t\t\t\t\t<p>La chambre panoramique est une tr\u00e8s spacieuse et luxueuse chambre pour deux personnes au deuxi\u00e8me \u00e9tage. Cette chambre sous les toits est sous l\u2019\u00e9gide de la Soci\u00e9t\u00e9 pour la protection des Monuments \u00e0 cause de la forme particuli\u00e8re du toit, con\u00e7ue par un constructeur de bateaux de Zierikzee: les poutres forment pour ainsi dire un bateau renvers\u00e9. La salle de bains est \u00e9quip\u00e9e d\u2019un bain \u00e0 bulles. A l\u2019arri\u00e8re une grande fen\u00eatre, avec vue panoramique.<\/p>\n<ul class=\"badkamer\">\n<li>lit pour deux personnes dans le coin (1.80 x 2.00 m.)<\/li>\n<li>salle de bains avec bain \u00e0 bulles avec un tuyau douche, et W.C.<\/li>\n<li>coin salon avec deux fauteuils<\/li>\n<li>coin \u00e0 manger avec deux chaises<\/li>\n<li>garde-robe<\/li>\n<li>petit frigidaire<\/li>\n<li>TV \u00e9cran plat<\/li>\n<\/ul>\n<p><strong>Le prix de cette chambre varie de 160,00 \u20ac \u00e0 200,00 \u20ac par chambre par nuit, petit d\u00e9jeuner et taxe de s\u00e9jour inclus.<\/strong><\/p>\t\t\t\t\t\t\t\t<\/div>\n\t\t\t\t\t<\/div>\n\t\t<\/div>\n\t\t\t\t\t<\/div>\n\t\t<\/section>\n\t\t\t\t<\/div>\n\t\t","protected":false},"excerpt":{"rendered":"<p>La chambre panoramique est une tr\u00e8s spacieuse et luxueuse chambre pour deux personnes au deuxi\u00e8me \u00e9tage. Cette chambre sous les toits est &#8230;<\/p>\n","protected":false},"featured_media":4395,"template":"","meta":{"_acf_changed":false},"product_brand":[],"product_cat":[75],"product_tag":[],"class_list":{"0":"post-5819","1":"product","2":"type-product","3":"status-publish","4":"has-post-thumbnail","6":"product_cat-onder","8":"first","9":"instock","10":"shipping-taxable","11":"product-type-simple"},"acf":[],"_links":{"self":[{"href":"https:\/\/pensiongrol.nl\/fr\/wp-json\/wp\/v2\/product\/5819","targetHints":{"allow":["GET"]}}],"collection":[{"href":"https:\/\/pensiongrol.nl\/fr\/wp-json\/wp\/v2\/product"}],"about":[{"href":"https:\/\/pensiongrol.nl\/fr\/wp-json\/wp\/v2\/types\/product"}],"version-history":[{"count":17,"href":"https:\/\/pensiongrol.nl\/fr\/wp-json\/wp\/v2\/product\/5819\/revisions"}],"predecessor-version":[{"id":11416,"href":"https:\/\/pensiongrol.nl\/fr\/wp-json\/wp\/v2\/product\/5819\/revisions\/11416"}],"wp:featuredmedia":[{"embeddable":true,"href":"https:\/\/pensiongrol.nl\/fr\/wp-json\/wp\/v2\/media\/4395"}],"wp:attachment":[{"href":"https:\/\/pensiongrol.nl\/fr\/wp-json\/wp\/v2\/media?parent=5819"}],"wp:term":[{"taxonomy":"product_brand","embeddable":true,"href":"https:\/\/pensiongrol.nl\/fr\/wp-json\/wp\/v2\/product_brand?post=5819"},{"taxonomy":"product_cat","embeddable":true,"href":"https:\/\/pensiongrol.nl\/fr\/wp-json\/wp\/v2\/product_cat?post=5819"},{"taxonomy":"product_tag","embeddable":true,"href":"https:\/\/pensiongrol.nl\/fr\/wp-json\/wp\/v2\/product_tag?post=5819"}],"curies":[{"name":"wp","href":"https:\/\/api.w.org\/{rel}","templated":true}]}}