{"id":5818,"date":"2022-09-30T02:00:34","date_gmt":"2022-09-30T02:00:34","guid":{"rendered":"https:\/\/pensiongrol.nl\/?post_type=product&#038;p=5818"},"modified":"2026-04-01T11:38:31","modified_gmt":"2026-04-01T11:38:31","slug":"chambre-du-soleil","status":"publish","type":"product","link":"https:\/\/pensiongrol.nl\/fr\/produit\/chambre-du-soleil\/","title":{"rendered":"CHAMBRE DU SOLEIL"},"content":{"rendered":"\t\t<div data-elementor-type=\"product-post\" data-elementor-id=\"5818\" class=\"elementor elementor-5818\" data-elementor-post-type=\"product\">\n\t\t\t\t\t\t<section class=\"elementor-section elementor-top-section elementor-element elementor-element-4e5190f9 elementor-section-boxed elementor-section-height-default elementor-section-height-default\" data-id=\"4e5190f9\" data-element_type=\"section\" data-e-type=\"section\">\n\t\t\t\t\t\t<div class=\"elementor-container elementor-column-gap-default\">\n\t\t\t\t\t<div class=\"elementor-column elementor-col-100 elementor-top-column elementor-element elementor-element-66f7912a\" data-id=\"66f7912a\" data-element_type=\"column\" data-e-type=\"column\">\n\t\t\t<div class=\"elementor-widget-wrap elementor-element-populated\">\n\t\t\t\t\t\t<div class=\"elementor-element elementor-element-422dea74 elementor-widget elementor-widget-text-editor\" data-id=\"422dea74\" data-element_type=\"widget\" data-e-type=\"widget\" data-widget_type=\"text-editor.default\">\n\t\t\t\t\t\t\t\t\t<p>Chambre pour 1 personne, au premier \u00e9tage. Moins spacieuse que les chambres \u00e0 deux lits, mais charmante et confortable. Dispose d\u2019une salle de bains.<\/p>\n<ul class=\"badkamer\">\n<li>lit single (0.90 x 2.00 m.)<\/li>\n<li>douche et W.C.<\/li>\n<li>table \u00e0 rabat avec 1 chaise<\/li>\n<li>climatisation r\u00e9versible (chaud et froid)<\/li>\n<li>garde-robe<\/li>\n<li>petit frigidaire<\/li>\n<li>TV \u00e9cran plat orientable, peut \u00eatre tourn\u00e9 vers le lit.<\/li>\n<\/ul>\n<p><strong>Le prix de cette chambre varie de 75,00 \u20ac \u00e0 115,00 \u20ac par chambre par nuit, petit d\u00e9jeuner et taxe de s\u00e9jour inclus.<\/strong><\/p>\t\t\t\t\t\t\t\t<\/div>\n\t\t\t\t\t<\/div>\n\t\t<\/div>\n\t\t\t\t\t<\/div>\n\t\t<\/section>\n\t\t\t\t<\/div>\n\t\t","protected":false},"excerpt":{"rendered":"<p>Chambre pour 1 personne, au premier \u00e9tage. Moins spacieuse que les chambres \u00e0 deux lits, mais charmante et confortable. Dispose d\u2019une salle &#8230;<\/p>\n","protected":false},"featured_media":4392,"template":"","meta":{"_acf_changed":false},"product_brand":[],"product_cat":[75],"product_tag":[],"class_list":{"0":"post-5818","1":"product","2":"type-product","3":"status-publish","4":"has-post-thumbnail","6":"product_cat-onder","8":"first","9":"instock","10":"shipping-taxable","11":"product-type-simple"},"acf":[],"_links":{"self":[{"href":"https:\/\/pensiongrol.nl\/fr\/wp-json\/wp\/v2\/product\/5818","targetHints":{"allow":["GET"]}}],"collection":[{"href":"https:\/\/pensiongrol.nl\/fr\/wp-json\/wp\/v2\/product"}],"about":[{"href":"https:\/\/pensiongrol.nl\/fr\/wp-json\/wp\/v2\/types\/product"}],"version-history":[{"count":18,"href":"https:\/\/pensiongrol.nl\/fr\/wp-json\/wp\/v2\/product\/5818\/revisions"}],"predecessor-version":[{"id":11417,"href":"https:\/\/pensiongrol.nl\/fr\/wp-json\/wp\/v2\/product\/5818\/revisions\/11417"}],"wp:featuredmedia":[{"embeddable":true,"href":"https:\/\/pensiongrol.nl\/fr\/wp-json\/wp\/v2\/media\/4392"}],"wp:attachment":[{"href":"https:\/\/pensiongrol.nl\/fr\/wp-json\/wp\/v2\/media?parent=5818"}],"wp:term":[{"taxonomy":"product_brand","embeddable":true,"href":"https:\/\/pensiongrol.nl\/fr\/wp-json\/wp\/v2\/product_brand?post=5818"},{"taxonomy":"product_cat","embeddable":true,"href":"https:\/\/pensiongrol.nl\/fr\/wp-json\/wp\/v2\/product_cat?post=5818"},{"taxonomy":"product_tag","embeddable":true,"href":"https:\/\/pensiongrol.nl\/fr\/wp-json\/wp\/v2\/product_tag?post=5818"}],"curies":[{"name":"wp","href":"https:\/\/api.w.org\/{rel}","templated":true}]}}