{"id":5816,"date":"2022-09-30T05:00:34","date_gmt":"2022-09-30T05:00:34","guid":{"rendered":"https:\/\/pensiongrol.nl\/?post_type=product&#038;p=5816"},"modified":"2026-04-01T11:34:17","modified_gmt":"2026-04-01T11:34:17","slug":"chambre-des-roses","status":"publish","type":"product","link":"https:\/\/pensiongrol.nl\/fr\/produit\/chambre-des-roses\/","title":{"rendered":"CHAMBRE DES ROSES"},"content":{"rendered":"\t\t<div data-elementor-type=\"product-post\" data-elementor-id=\"5816\" class=\"elementor elementor-5816\" data-elementor-post-type=\"product\">\n\t\t\t\t\t\t<section class=\"elementor-section elementor-top-section elementor-element elementor-element-11fb717 elementor-section-boxed elementor-section-height-default elementor-section-height-default\" data-id=\"11fb717\" data-element_type=\"section\" data-e-type=\"section\">\n\t\t\t\t\t\t<div class=\"elementor-container elementor-column-gap-default\">\n\t\t\t\t\t<div class=\"elementor-column elementor-col-100 elementor-top-column elementor-element elementor-element-48fa3a53\" data-id=\"48fa3a53\" data-element_type=\"column\" data-e-type=\"column\">\n\t\t\t<div class=\"elementor-widget-wrap elementor-element-populated\">\n\t\t\t\t\t\t<div class=\"elementor-element elementor-element-1956c770 elementor-widget elementor-widget-text-editor\" data-id=\"1956c770\" data-element_type=\"widget\" data-e-type=\"widget\" data-widget_type=\"text-editor.default\">\n\t\t\t\t\t\t\t\t\t<p>Luxueuse chambre pour deux personnes au 1er \u00e9tage avec un lit spacieux et extra long pour deux personnes. Les tentures et le papier peint avec des roses ajoutent du charme \u00e0 cette chambre.<\/p>\n<ul class=\"badkamer\">\n<li>grand lit pour deux personnes (1.80 x 2.10 m.)<\/li>\n<li>douche et W.C.<\/li>\n<li>coin salon avec deux fauteuils<\/li>\n<li>coin \u00e0 manger avec deux chaises<\/li>\n<li>garde-robe<\/li>\n<li>petit frigidaire<\/li>\n<li>TV \u00e9cran plat orientable, peut \u00eatre tourn\u00e9 vers le lit<\/li>\n<\/ul>\n<p><strong>Le prix de cette chambre varie de 140,00 \u20ac \u00e0 180,00 \u20ac par chambre par nuit, petit d\u00e9jeuner et taxe de s\u00e9jour inclus.<\/strong><\/p>\t\t\t\t\t\t\t\t<\/div>\n\t\t\t\t\t<\/div>\n\t\t<\/div>\n\t\t\t\t\t<\/div>\n\t\t<\/section>\n\t\t\t\t<\/div>\n\t\t","protected":false},"excerpt":{"rendered":"<p>Luxueuse chambre pour deux personnes au 1er \u00e9tage avec un lit spacieux et extra long pour deux personnes. Les tentures et le papier peint &#8230;<\/p>\n","protected":false},"featured_media":4386,"template":"","meta":{"_acf_changed":false},"product_brand":[],"product_cat":[65],"product_tag":[],"class_list":{"0":"post-5816","1":"product","2":"type-product","3":"status-publish","4":"has-post-thumbnail","6":"product_cat-boven-fr","8":"first","9":"instock","10":"shipping-taxable","11":"product-type-simple"},"acf":[],"_links":{"self":[{"href":"https:\/\/pensiongrol.nl\/fr\/wp-json\/wp\/v2\/product\/5816","targetHints":{"allow":["GET"]}}],"collection":[{"href":"https:\/\/pensiongrol.nl\/fr\/wp-json\/wp\/v2\/product"}],"about":[{"href":"https:\/\/pensiongrol.nl\/fr\/wp-json\/wp\/v2\/types\/product"}],"version-history":[{"count":13,"href":"https:\/\/pensiongrol.nl\/fr\/wp-json\/wp\/v2\/product\/5816\/revisions"}],"predecessor-version":[{"id":11414,"href":"https:\/\/pensiongrol.nl\/fr\/wp-json\/wp\/v2\/product\/5816\/revisions\/11414"}],"wp:featuredmedia":[{"embeddable":true,"href":"https:\/\/pensiongrol.nl\/fr\/wp-json\/wp\/v2\/media\/4386"}],"wp:attachment":[{"href":"https:\/\/pensiongrol.nl\/fr\/wp-json\/wp\/v2\/media?parent=5816"}],"wp:term":[{"taxonomy":"product_brand","embeddable":true,"href":"https:\/\/pensiongrol.nl\/fr\/wp-json\/wp\/v2\/product_brand?post=5816"},{"taxonomy":"product_cat","embeddable":true,"href":"https:\/\/pensiongrol.nl\/fr\/wp-json\/wp\/v2\/product_cat?post=5816"},{"taxonomy":"product_tag","embeddable":true,"href":"https:\/\/pensiongrol.nl\/fr\/wp-json\/wp\/v2\/product_tag?post=5816"}],"curies":[{"name":"wp","href":"https:\/\/api.w.org\/{rel}","templated":true}]}}