{"id":5815,"date":"2022-09-30T06:00:33","date_gmt":"2022-09-30T06:00:33","guid":{"rendered":"https:\/\/pensiongrol.nl\/?post_type=product&#038;p=5815"},"modified":"2026-04-01T11:31:34","modified_gmt":"2026-04-01T11:31:34","slug":"chambre-rouge","status":"publish","type":"product","link":"https:\/\/pensiongrol.nl\/fr\/produit\/chambre-rouge\/","title":{"rendered":"CHAMBRE ROUGE"},"content":{"rendered":"\t\t<div data-elementor-type=\"product-post\" data-elementor-id=\"5815\" class=\"elementor elementor-5815\" data-elementor-post-type=\"product\">\n\t\t\t\t\t\t<section class=\"elementor-section elementor-top-section elementor-element elementor-element-48e9af4b elementor-section-boxed elementor-section-height-default elementor-section-height-default\" data-id=\"48e9af4b\" data-element_type=\"section\" data-e-type=\"section\">\n\t\t\t\t\t\t<div class=\"elementor-container elementor-column-gap-default\">\n\t\t\t\t\t<div class=\"elementor-column elementor-col-100 elementor-top-column elementor-element elementor-element-439a170f\" data-id=\"439a170f\" data-element_type=\"column\" data-e-type=\"column\">\n\t\t\t<div class=\"elementor-widget-wrap elementor-element-populated\">\n\t\t\t\t\t\t<div class=\"elementor-element elementor-element-187ec289 elementor-widget elementor-widget-text-editor\" data-id=\"187ec289\" data-element_type=\"widget\" data-e-type=\"widget\" data-widget_type=\"text-editor.default\">\n\t\t\t\t\t\t\t\t\t<p>Chambre luxueuse pour deux personnes au rez-de-chauss\u00e9e avec entr\u00e9e priv\u00e9e par le jardin. Chaleureuse et de caract\u00e8re. La salle de bains se trouve bien entendu dans la chambre, mais avec deux marches pour y acc\u00e9der, tout comme l\u2019entr\u00e9e priv\u00e9e.<\/p>\n<ul class=\"badkamer\">\n<li>lit pour deux personnes (1.60 x 2.10 m.)<\/li>\n<li>douche et W.C.<\/li>\n<li>coin salon avec deux fauteuils<\/li>\n<li>coin \u00e0 manger avec deux chaises<\/li>\n<li>garde-robe<\/li>\n<li>grand frigidaire<\/li>\n<li>TV \u00e9cran plat<\/li>\n<li>entr\u00e9e priv\u00e9e<\/li>\n<li>chiens admis, max. 1 chien: 10,00 \u20ac par chien par nuit<\/li>\n<\/ul>\n<p><strong>Le prix de cette chambre varie de 140,00 \u20ac \u00e0 180,00 \u20ac par chambre par nuit, petit d\u00e9jeuner et taxe de s\u00e9jour inclus.<\/strong><\/p>\t\t\t\t\t\t\t\t<\/div>\n\t\t\t\t\t<\/div>\n\t\t<\/div>\n\t\t\t\t\t<\/div>\n\t\t<\/section>\n\t\t\t\t<\/div>\n\t\t","protected":false},"excerpt":{"rendered":"<p>Chambre luxueuse pour deux personnes au rez-de-chauss\u00e9e avec entr\u00e9e priv\u00e9e par le jardin. Chaleureuse et de caract\u00e8re. La salle de bains &#8230;<\/p>\n","protected":false},"featured_media":4383,"template":"","meta":{"_acf_changed":false},"product_brand":[],"product_cat":[65],"product_tag":[],"class_list":{"0":"post-5815","1":"product","2":"type-product","3":"status-publish","4":"has-post-thumbnail","6":"product_cat-boven-fr","8":"first","9":"instock","10":"shipping-taxable","11":"product-type-simple"},"acf":[],"_links":{"self":[{"href":"https:\/\/pensiongrol.nl\/fr\/wp-json\/wp\/v2\/product\/5815","targetHints":{"allow":["GET"]}}],"collection":[{"href":"https:\/\/pensiongrol.nl\/fr\/wp-json\/wp\/v2\/product"}],"about":[{"href":"https:\/\/pensiongrol.nl\/fr\/wp-json\/wp\/v2\/types\/product"}],"version-history":[{"count":19,"href":"https:\/\/pensiongrol.nl\/fr\/wp-json\/wp\/v2\/product\/5815\/revisions"}],"predecessor-version":[{"id":11413,"href":"https:\/\/pensiongrol.nl\/fr\/wp-json\/wp\/v2\/product\/5815\/revisions\/11413"}],"wp:featuredmedia":[{"embeddable":true,"href":"https:\/\/pensiongrol.nl\/fr\/wp-json\/wp\/v2\/media\/4383"}],"wp:attachment":[{"href":"https:\/\/pensiongrol.nl\/fr\/wp-json\/wp\/v2\/media?parent=5815"}],"wp:term":[{"taxonomy":"product_brand","embeddable":true,"href":"https:\/\/pensiongrol.nl\/fr\/wp-json\/wp\/v2\/product_brand?post=5815"},{"taxonomy":"product_cat","embeddable":true,"href":"https:\/\/pensiongrol.nl\/fr\/wp-json\/wp\/v2\/product_cat?post=5815"},{"taxonomy":"product_tag","embeddable":true,"href":"https:\/\/pensiongrol.nl\/fr\/wp-json\/wp\/v2\/product_tag?post=5815"}],"curies":[{"name":"wp","href":"https:\/\/api.w.org\/{rel}","templated":true}]}}