{"id":5814,"date":"2022-09-30T07:00:33","date_gmt":"2022-09-30T07:00:33","guid":{"rendered":"https:\/\/pensiongrol.nl\/?post_type=product&#038;p=5814"},"modified":"2026-04-01T11:20:48","modified_gmt":"2026-04-01T11:20:48","slug":"chambre-du-milieu","status":"publish","type":"product","link":"https:\/\/pensiongrol.nl\/fr\/produit\/chambre-du-milieu\/","title":{"rendered":"CHAMBRE DU MILIEU"},"content":{"rendered":"\t\t<div data-elementor-type=\"product-post\" data-elementor-id=\"5814\" class=\"elementor elementor-5814\" data-elementor-post-type=\"product\">\n\t\t\t\t\t\t<section class=\"elementor-section elementor-top-section elementor-element elementor-element-366a91b1 elementor-section-boxed elementor-section-height-default elementor-section-height-default\" data-id=\"366a91b1\" data-element_type=\"section\" data-e-type=\"section\">\n\t\t\t\t\t\t<div class=\"elementor-container elementor-column-gap-default\">\n\t\t\t\t\t<div class=\"elementor-column elementor-col-100 elementor-top-column elementor-element elementor-element-2121f1c0\" data-id=\"2121f1c0\" data-element_type=\"column\" data-e-type=\"column\">\n\t\t\t<div class=\"elementor-widget-wrap elementor-element-populated\">\n\t\t\t\t\t\t<div class=\"elementor-element elementor-element-39e35ca6 elementor-widget elementor-widget-text-editor\" data-id=\"39e35ca6\" data-element_type=\"widget\" data-e-type=\"widget\" data-widget_type=\"text-editor.default\">\n\t\t\t\t\t\t\t\t\t<p>Luxueuse et vaste chambre pour deux personnes au rez-de-chauss\u00e9e. Cette chambre de caract\u00e8re se trouve sur le c\u00f4t\u00e9 de la maison avec vue sur la partie du jardin o\u00f9 se trouvent les places de parking.<\/p>\n<ul class=\"badkamer\">\n<li>lit pour deux personnes (1.60 x 2.10 m.)<\/li>\n<li>douche et W.C.<\/li>\n<li>coin salon avec divan et fauteuil<\/li>\n<li>coin \u00e0 manger avec deux chaises<\/li>\n<li>garde-robe<\/li>\n<li>petit frigidaire<\/li>\n<li>TV grand \u00e9cran plat orientable, peut \u00eatre tourn\u00e9 vers le lit.<\/li>\n<li>chiens admis, max. 1 chien: 10,00 \u20ac par chien par nuit<\/li>\n<\/ul>\n<p><strong>Le prix de cette chambre varie de 140,00 \u20ac \u00e0 180,00 \u20ac par chambre par nuit, petit d\u00e9jeuner et taxe de s\u00e9jour inclus.<\/strong><\/p>\t\t\t\t\t\t\t\t<\/div>\n\t\t\t\t\t<\/div>\n\t\t<\/div>\n\t\t\t\t\t<\/div>\n\t\t<\/section>\n\t\t\t\t<\/div>\n\t\t","protected":false},"excerpt":{"rendered":"<p>Luxueuse et vaste chambre pour deux personnes au rez-de-chauss\u00e9e. Cette chambre de caract\u00e8re se trouve sur le c\u00f4t\u00e9 de la maison avec vue &#8230;<\/p>\n","protected":false},"featured_media":4377,"template":"","meta":{"_acf_changed":false},"product_brand":[],"product_cat":[65],"product_tag":[],"class_list":{"0":"post-5814","1":"product","2":"type-product","3":"status-publish","4":"has-post-thumbnail","6":"product_cat-boven-fr","8":"first","9":"instock","10":"shipping-taxable","11":"product-type-simple"},"acf":[],"_links":{"self":[{"href":"https:\/\/pensiongrol.nl\/fr\/wp-json\/wp\/v2\/product\/5814","targetHints":{"allow":["GET"]}}],"collection":[{"href":"https:\/\/pensiongrol.nl\/fr\/wp-json\/wp\/v2\/product"}],"about":[{"href":"https:\/\/pensiongrol.nl\/fr\/wp-json\/wp\/v2\/types\/product"}],"version-history":[{"count":20,"href":"https:\/\/pensiongrol.nl\/fr\/wp-json\/wp\/v2\/product\/5814\/revisions"}],"predecessor-version":[{"id":11412,"href":"https:\/\/pensiongrol.nl\/fr\/wp-json\/wp\/v2\/product\/5814\/revisions\/11412"}],"wp:featuredmedia":[{"embeddable":true,"href":"https:\/\/pensiongrol.nl\/fr\/wp-json\/wp\/v2\/media\/4377"}],"wp:attachment":[{"href":"https:\/\/pensiongrol.nl\/fr\/wp-json\/wp\/v2\/media?parent=5814"}],"wp:term":[{"taxonomy":"product_brand","embeddable":true,"href":"https:\/\/pensiongrol.nl\/fr\/wp-json\/wp\/v2\/product_brand?post=5814"},{"taxonomy":"product_cat","embeddable":true,"href":"https:\/\/pensiongrol.nl\/fr\/wp-json\/wp\/v2\/product_cat?post=5814"},{"taxonomy":"product_tag","embeddable":true,"href":"https:\/\/pensiongrol.nl\/fr\/wp-json\/wp\/v2\/product_tag?post=5814"}],"curies":[{"name":"wp","href":"https:\/\/api.w.org\/{rel}","templated":true}]}}