{"id":5812,"date":"2022-09-30T10:00:33","date_gmt":"2022-09-30T10:00:33","guid":{"rendered":"https:\/\/pensiongrol.nl\/?post_type=product&#038;p=5812"},"modified":"2026-03-27T19:33:06","modified_gmt":"2026-03-27T19:33:06","slug":"chambre-zelandaise","status":"publish","type":"product","link":"https:\/\/pensiongrol.nl\/fr\/produit\/chambre-zelandaise\/","title":{"rendered":"CHAMBRE Z&Eacute;LANDAISE"},"content":{"rendered":"\t\t<div data-elementor-type=\"product-post\" data-elementor-id=\"5812\" class=\"elementor elementor-5812\" data-elementor-post-type=\"product\">\n\t\t\t\t\t\t<section class=\"elementor-section elementor-top-section elementor-element elementor-element-2e892f61 elementor-section-boxed elementor-section-height-default elementor-section-height-default\" data-id=\"2e892f61\" data-element_type=\"section\" data-e-type=\"section\">\n\t\t\t\t\t\t<div class=\"elementor-container elementor-column-gap-default\">\n\t\t\t\t\t<div class=\"elementor-column elementor-col-100 elementor-top-column elementor-element elementor-element-422282b5\" data-id=\"422282b5\" data-element_type=\"column\" data-e-type=\"column\">\n\t\t\t<div class=\"elementor-widget-wrap elementor-element-populated\">\n\t\t\t\t\t\t<div class=\"elementor-element elementor-element-4e5b3c8a elementor-widget elementor-widget-text-editor\" data-id=\"4e5b3c8a\" data-element_type=\"widget\" data-e-type=\"widget\" data-widget_type=\"text-editor.default\">\n\t\t\t\t\t\t\t\t\t<p>La Chambre Z\u00e9landaise est une chambre pour deux personnes au rez-de-chauss\u00e9e. Cette chambre dispose d\u2019une petite salle \u00e0 manger, d\u2019une salle de bains avec douche spacieuse et une chambre \u00e0 coucher s\u00e9par\u00e9e. Cette chambre a sa propre entr\u00e9e via le petit jardin priv\u00e9. La d\u00e9coration est moderne. Le plafond n\u2019est pas tr\u00e8s haut, 2.20 m. et la porte de la salle de bains 1.80 m. de haut.<\/p>\n<ul class=\"badkamer\">\n<li style=\"list-style-type: none\">\n<ul class=\"badkamer\">\n<li>grand lit pour deux personnes (1.80 x 2.10 m.)<\/li>\n<li>douche tr\u00e8s spacieuse et W.C.<\/li>\n<li>coin salon avec divan et fauteuil<\/li>\n<li>coin \u00e0 manger avec deux chaises<\/li>\n<li>garde-robe spacieuse<\/li>\n<li>petit frigidaire<\/li>\n<li>TV \u00e9cran plat<\/li>\n<li>entr\u00e9e priv\u00e9e<\/li>\n<\/ul>\n<\/li>\n<\/ul>\n<p><strong>Le prix de cette chambre varie de 120,00 \u20ac \u00e0 160,00 \u20ac par chambre par nuit, petit d\u00e9jeuner et taxe de s\u00e9jour inclus.<\/strong><\/p>\t\t\t\t\t\t\t\t<\/div>\n\t\t\t\t\t<\/div>\n\t\t<\/div>\n\t\t\t\t\t<\/div>\n\t\t<\/section>\n\t\t\t\t<\/div>\n\t\t","protected":false},"excerpt":{"rendered":"<p>La Chambre Z\u00e9landaise est une chambre pour deux personnes au rez-de-chauss\u00e9e. Cette chambre dispose d\u2019une petite salle \u00e0 manger, d\u2019une salle &#8230;<\/p>\n","protected":false},"featured_media":6343,"template":"","meta":{"_acf_changed":false},"product_brand":[],"product_cat":[65],"product_tag":[],"class_list":{"0":"post-5812","1":"product","2":"type-product","3":"status-publish","4":"has-post-thumbnail","6":"product_cat-boven-fr","8":"first","9":"instock","10":"shipping-taxable","11":"product-type-simple"},"acf":[],"_links":{"self":[{"href":"https:\/\/pensiongrol.nl\/fr\/wp-json\/wp\/v2\/product\/5812","targetHints":{"allow":["GET"]}}],"collection":[{"href":"https:\/\/pensiongrol.nl\/fr\/wp-json\/wp\/v2\/product"}],"about":[{"href":"https:\/\/pensiongrol.nl\/fr\/wp-json\/wp\/v2\/types\/product"}],"version-history":[{"count":14,"href":"https:\/\/pensiongrol.nl\/fr\/wp-json\/wp\/v2\/product\/5812\/revisions"}],"predecessor-version":[{"id":11395,"href":"https:\/\/pensiongrol.nl\/fr\/wp-json\/wp\/v2\/product\/5812\/revisions\/11395"}],"wp:featuredmedia":[{"embeddable":true,"href":"https:\/\/pensiongrol.nl\/fr\/wp-json\/wp\/v2\/media\/6343"}],"wp:attachment":[{"href":"https:\/\/pensiongrol.nl\/fr\/wp-json\/wp\/v2\/media?parent=5812"}],"wp:term":[{"taxonomy":"product_brand","embeddable":true,"href":"https:\/\/pensiongrol.nl\/fr\/wp-json\/wp\/v2\/product_brand?post=5812"},{"taxonomy":"product_cat","embeddable":true,"href":"https:\/\/pensiongrol.nl\/fr\/wp-json\/wp\/v2\/product_cat?post=5812"},{"taxonomy":"product_tag","embeddable":true,"href":"https:\/\/pensiongrol.nl\/fr\/wp-json\/wp\/v2\/product_tag?post=5812"}],"curies":[{"name":"wp","href":"https:\/\/api.w.org\/{rel}","templated":true}]}}