{"id":4465,"date":"2022-09-08T07:07:45","date_gmt":"2022-09-08T07:07:45","guid":{"rendered":"https:\/\/pensiongrol.nl\/tuin\/"},"modified":"2023-03-31T07:03:04","modified_gmt":"2023-03-31T07:03:04","slug":"jardin","status":"publish","type":"page","link":"https:\/\/pensiongrol.nl\/fr\/jardin\/","title":{"rendered":"Jardin"},"content":{"rendered":"\t\t<div data-elementor-type=\"wp-page\" data-elementor-id=\"4465\" class=\"elementor elementor-4465 elementor-965\" data-elementor-post-type=\"page\">\n\t\t\t\t\t\t<section class=\"elementor-section elementor-top-section elementor-element elementor-element-5ff06de elementor-section-full_width elementor-section-height-min-height elementor-section-stretched elementor-section-items-bottom elementor-section-height-default\" data-id=\"5ff06de\" data-element_type=\"section\" data-e-type=\"section\" data-settings=\"{&quot;background_background&quot;:&quot;classic&quot;,&quot;stretch_section&quot;:&quot;section-stretched&quot;}\">\n\t\t\t\t\t\t<div class=\"elementor-container elementor-column-gap-no\">\n\t\t\t\t\t<div class=\"elementor-column elementor-col-100 elementor-top-column elementor-element elementor-element-bcf27f5\" data-id=\"bcf27f5\" data-element_type=\"column\" data-e-type=\"column\" data-settings=\"{&quot;background_background&quot;:&quot;classic&quot;}\">\n\t\t\t<div class=\"elementor-widget-wrap\">\n\t\t\t\t\t\t\t<\/div>\n\t\t<\/div>\n\t\t\t\t\t<\/div>\n\t\t<\/section>\n\t\t\t\t<section class=\"elementor-section elementor-top-section elementor-element elementor-element-3202443 elementor-section-full_width elementor-section-content-top elementor-section-height-default elementor-section-height-default\" data-id=\"3202443\" data-element_type=\"section\" data-e-type=\"section\">\n\t\t\t\t\t\t<div class=\"elementor-container elementor-column-gap-no\">\n\t\t\t\t\t<div class=\"elementor-column elementor-col-100 elementor-top-column elementor-element elementor-element-1f105dd\" data-id=\"1f105dd\" data-element_type=\"column\" data-e-type=\"column\">\n\t\t\t<div class=\"elementor-widget-wrap elementor-element-populated\">\n\t\t\t\t\t\t<div class=\"elementor-element elementor-element-a6c726a elementor-widget elementor-widget-template\" data-id=\"a6c726a\" data-element_type=\"widget\" data-e-type=\"widget\" data-widget_type=\"template.default\">\n\t\t\t\t<div class=\"elementor-widget-container\">\n\t\t\t\t\t\t\t<div class=\"elementor-template\">\n\t\t\t\t\t<div data-elementor-type=\"section\" data-elementor-id=\"6074\" class=\"elementor elementor-6074 elementor-5145 elementor-5145\" data-elementor-post-type=\"elementor_library\">\n\t\t\t\t\t<section class=\"elementor-section elementor-top-section elementor-element elementor-element-41c3a7a6 pick-date elementor-section-boxed elementor-section-height-default elementor-section-height-default\" data-id=\"41c3a7a6\" data-element_type=\"section\" data-e-type=\"section\" data-settings=\"{&quot;background_background&quot;:&quot;classic&quot;}\">\n\t\t\t\t\t\t<div class=\"elementor-container elementor-column-gap-default\">\n\t\t\t\t\t<div class=\"elementor-column elementor-col-100 elementor-top-column elementor-element elementor-element-eb5ff1a\" data-id=\"eb5ff1a\" data-element_type=\"column\" data-e-type=\"column\">\n\t\t\t<div class=\"elementor-widget-wrap elementor-element-populated\">\n\t\t\t\t\t\t<div class=\"elementor-element elementor-element-e579f68 elementor-widget elementor-widget-html\" data-id=\"e579f68\" data-element_type=\"widget\" data-e-type=\"widget\" data-widget_type=\"html.default\">\n\t\t\t\t\t<form action=\"https:\/\/reservations.cubilis.eu\/pension-t-huys-grol-renesse\/Rooms\/Select?Language=fr-FR\" target=\"_blank\">\n<div class=\"date-time-filter\">\n  <div class=\"arrive-field\">\n<label for=\"arrive\">Arriv\u00e9e<\/label>\n  <input type=\"date\" id=\"aankomst\" name=\"Arrival\">\n  <\/div>\n  <div class=\"dept-field\">\n  <label for=\"depat\">D\u00e9part<\/label>\n  <input type=\"date\" id=\"vertrek\" name=\"Departure\">\n  <\/div>\n  <div class=\"dt-btn\">\n  <input type=\"submit\" value=\"V\u00e9rifier la disponibilit\u00e9\">\n  <\/div>\n<\/div>\n<\/form>\t\t\t\t<\/div>\n\t\t\t\t\t<\/div>\n\t\t<\/div>\n\t\t\t\t\t<\/div>\n\t\t<\/section>\n\t\t\t\t<\/div>\n\t\t\t\t<\/div>\n\t\t\t\t\t\t<\/div>\n\t\t\t\t<\/div>\n\t\t\t\t\t<\/div>\n\t\t<\/div>\n\t\t\t\t\t<\/div>\n\t\t<\/section>\n\t\t\t\t<section class=\"elementor-section elementor-top-section elementor-element elementor-element-7a2d14d elementor-section-boxed elementor-section-height-default elementor-section-height-default\" data-id=\"7a2d14d\" data-element_type=\"section\" data-e-type=\"section\">\n\t\t\t\t\t\t<div class=\"elementor-container elementor-column-gap-default\">\n\t\t\t\t\t<div class=\"elementor-column elementor-col-100 elementor-top-column elementor-element elementor-element-ece17f9\" data-id=\"ece17f9\" data-element_type=\"column\" data-e-type=\"column\">\n\t\t\t<div class=\"elementor-widget-wrap elementor-element-populated\">\n\t\t\t\t\t\t<div class=\"elementor-element elementor-element-68a226c elementor-widget elementor-widget-heading\" data-id=\"68a226c\" data-element_type=\"widget\" data-e-type=\"widget\" data-widget_type=\"heading.default\">\n\t\t\t\t\t<h2 class=\"elementor-heading-title elementor-size-default\">Jardin<\/h2>\t\t\t\t<\/div>\n\t\t\t\t<div class=\"elementor-element elementor-element-15ffc8f elementor-widget-divider--view-line elementor-widget elementor-widget-divider\" data-id=\"15ffc8f\" data-element_type=\"widget\" data-e-type=\"widget\" data-widget_type=\"divider.default\">\n\t\t\t\t\t\t\t<div class=\"elementor-divider\">\n\t\t\t<span class=\"elementor-divider-separator\">\n\t\t\t\t\t\t<\/span>\n\t\t<\/div>\n\t\t\t\t\t\t<\/div>\n\t\t\t\t<div class=\"elementor-element elementor-element-5873d96 elementor-widget elementor-widget-text-editor\" data-id=\"5873d96\" data-element_type=\"widget\" data-e-type=\"widget\" data-widget_type=\"text-editor.default\">\n\t\t\t\t\t\t\t\t\t<p>La pension Grol poss\u00e8de un magnifique jardin (3000 m\u00b2) dans le style paysager Anglais. Notre jardin est une oasis de calme contrastant avec l\u2019effervescence de la ville de Renesse.<\/p><p>Habituellement le copieux petit d\u00e9jeuner, avec jus d\u2019orange frais, est servi dans votre chambre. Si le temps le permet, vous pouvez aussi d\u00e9jeuner dans notre jardin. A l\u2019heure que vous nous indiquez (entre 08:30 \u2013 09 :30 heures) nous apportons votre petit d\u00e9jeuner dans votre chambre ou au jardin.<\/p><p>Si vous le souhaitez, notre parking gratuit sur le c\u00f4t\u00e9 du jardin offre suffisamment de places. La nuit nous fermons la grille d\u2019entr\u00e9e pour assurer la s\u00e9curit\u00e9 du parking.<\/p><p>Nous disposons \u00e9galement de plusieurs garages v\u00e9los avec cadenas et dans lesquels il y a une prise de contact si vous voulez recharger la batterie de votre v\u00e9lo \u00e9lectrique.<br \/>Location de v\u00e9los chez \u201cFixabike\u201d \u00e0 Renesse. Nous vous procurons une carte routi\u00e8re pour v\u00e9los de l\u2019\u00eele de Schouwen-Duiveland.<\/p><p>Si vous souhaitez vous relaxer dans notre agr\u00e9able jardin, il y a des chaises de jardin. Vous pouvez les trouver dans les autres garages, si elles ne sont pas d\u00e9j\u00e0 plac\u00e9es dans le jardin.<\/p><p>La pension Grol est compl\u00e8tement \u201cfumeurs non admis\u201d. Si vous souhaitez fumer vous pouvez le faire dans le pavillon Fumeurs, en face de notre garage v\u00e9los.<\/p>\t\t\t\t\t\t\t\t<\/div>\n\t\t\t\t\t<\/div>\n\t\t<\/div>\n\t\t\t\t\t<\/div>\n\t\t<\/section>\n\t\t\t\t<section class=\"elementor-section elementor-top-section elementor-element elementor-element-fe22abb elementor-section-boxed elementor-section-height-default elementor-section-height-default\" data-id=\"fe22abb\" data-element_type=\"section\" data-e-type=\"section\">\n\t\t\t\t\t\t<div class=\"elementor-container elementor-column-gap-default\">\n\t\t\t\t\t<div class=\"elementor-column elementor-col-100 elementor-top-column elementor-element elementor-element-b9083e0\" data-id=\"b9083e0\" data-element_type=\"column\" data-e-type=\"column\">\n\t\t\t<div class=\"elementor-widget-wrap elementor-element-populated\">\n\t\t\t\t\t\t<div class=\"elementor-element elementor-element-0c39968 elementor-widget elementor-widget-global elementor-global-10167 elementor-widget-gallery\" data-id=\"0c39968\" data-element_type=\"widget\" data-e-type=\"widget\" data-settings=\"{&quot;columns&quot;:3,&quot;lazyload&quot;:&quot;yes&quot;,&quot;gallery_layout&quot;:&quot;grid&quot;,&quot;columns_tablet&quot;:2,&quot;columns_mobile&quot;:1,&quot;gap&quot;:{&quot;unit&quot;:&quot;px&quot;,&quot;size&quot;:10,&quot;sizes&quot;:[]},&quot;gap_tablet&quot;:{&quot;unit&quot;:&quot;px&quot;,&quot;size&quot;:10,&quot;sizes&quot;:[]},&quot;gap_mobile&quot;:{&quot;unit&quot;:&quot;px&quot;,&quot;size&quot;:10,&quot;sizes&quot;:[]},&quot;link_to&quot;:&quot;file&quot;,&quot;aspect_ratio&quot;:&quot;3:2&quot;,&quot;overlay_background&quot;:&quot;yes&quot;,&quot;content_hover_animation&quot;:&quot;fade-in&quot;}\" data-widget_type=\"gallery.default\">\n\t\t\t\t\t\t\t<div class=\"elementor-gallery__container\">\n\t\t\t\t\t\t\t<a class=\"e-gallery-item elementor-gallery-item elementor-animated-content\" href=\"https:\/\/pensiongrol.nl\/wp-content\/uploads\/2023\/03\/RemoteMediaFile_6553680_0_2022_05_24_14_40_46.jpg\" data-elementor-open-lightbox=\"yes\" data-elementor-lightbox-slideshow=\"0c39968\" data-e-action-hash=\"#elementor-action%3Aaction%3Dlightbox%26settings%3DeyJpZCI6MTAxNTEsInVybCI6Imh0dHBzOlwvXC9wZW5zaW9uZ3JvbC5ubFwvd3AtY29udGVudFwvdXBsb2Fkc1wvMjAyM1wvMDNcL1JlbW90ZU1lZGlhRmlsZV82NTUzNjgwXzBfMjAyMl8wNV8yNF8xNF80MF80Ni5qcGciLCJzbGlkZXNob3ciOiIwYzM5OTY4In0%3D\">\n\t\t\t\t\t<div class=\"e-gallery-image elementor-gallery-item__image\" data-thumbnail=\"https:\/\/pensiongrol.nl\/wp-content\/uploads\/2023\/03\/RemoteMediaFile_6553680_0_2022_05_24_14_40_46-1024x576.jpg\" data-width=\"580\" data-height=\"326\" aria-label=\"\" role=\"img\" ><\/div>\n\t\t\t\t\t\t\t\t\t\t\t<div class=\"elementor-gallery-item__overlay\"><\/div>\n\t\t\t\t\t\t\t\t\t\t\t\t\t\t<\/a>\n\t\t\t\t\t\t\t<a class=\"e-gallery-item elementor-gallery-item elementor-animated-content\" href=\"https:\/\/pensiongrol.nl\/wp-content\/uploads\/2023\/03\/IMG_6922.jpeg\" data-elementor-open-lightbox=\"yes\" data-elementor-lightbox-slideshow=\"0c39968\" data-e-action-hash=\"#elementor-action%3Aaction%3Dlightbox%26settings%3DeyJpZCI6MTAxNTUsInVybCI6Imh0dHBzOlwvXC9wZW5zaW9uZ3JvbC5ubFwvd3AtY29udGVudFwvdXBsb2Fkc1wvMjAyM1wvMDNcL0lNR182OTIyLmpwZWciLCJzbGlkZXNob3ciOiIwYzM5OTY4In0%3D\">\n\t\t\t\t\t<div class=\"e-gallery-image elementor-gallery-item__image\" data-thumbnail=\"https:\/\/pensiongrol.nl\/wp-content\/uploads\/2023\/03\/IMG_6922-1024x768.jpeg\" data-width=\"580\" data-height=\"435\" aria-label=\"\" role=\"img\" ><\/div>\n\t\t\t\t\t\t\t\t\t\t\t<div class=\"elementor-gallery-item__overlay\"><\/div>\n\t\t\t\t\t\t\t\t\t\t\t\t\t\t<\/a>\n\t\t\t\t\t\t\t<a class=\"e-gallery-item elementor-gallery-item elementor-animated-content\" href=\"https:\/\/pensiongrol.nl\/wp-content\/uploads\/2023\/03\/Huis-Grol-Renesse-17.jpg\" data-elementor-open-lightbox=\"yes\" data-elementor-lightbox-slideshow=\"0c39968\" data-e-action-hash=\"#elementor-action%3Aaction%3Dlightbox%26settings%3DeyJpZCI6MTAxNTksInVybCI6Imh0dHBzOlwvXC9wZW5zaW9uZ3JvbC5ubFwvd3AtY29udGVudFwvdXBsb2Fkc1wvMjAyM1wvMDNcL0h1aXMtR3JvbC1SZW5lc3NlLTE3LmpwZyIsInNsaWRlc2hvdyI6IjBjMzk5NjgifQ%3D%3D\">\n\t\t\t\t\t<div class=\"e-gallery-image elementor-gallery-item__image\" data-thumbnail=\"https:\/\/pensiongrol.nl\/wp-content\/uploads\/2023\/03\/Huis-Grol-Renesse-17-1024x683.jpg\" data-width=\"580\" data-height=\"387\" aria-label=\"\" role=\"img\" ><\/div>\n\t\t\t\t\t\t\t\t\t\t\t<div class=\"elementor-gallery-item__overlay\"><\/div>\n\t\t\t\t\t\t\t\t\t\t\t\t\t\t<\/a>\n\t\t\t\t\t\t\t<a class=\"e-gallery-item elementor-gallery-item elementor-animated-content\" href=\"https:\/\/pensiongrol.nl\/wp-content\/uploads\/2022\/09\/Huis-Grol-Renesse-18-scaled.jpg\" data-elementor-open-lightbox=\"yes\" data-elementor-lightbox-slideshow=\"0c39968\" data-e-action-hash=\"#elementor-action%3Aaction%3Dlightbox%26settings%3DeyJpZCI6NDAzMSwidXJsIjoiaHR0cHM6XC9cL3BlbnNpb25ncm9sLm5sXC93cC1jb250ZW50XC91cGxvYWRzXC8yMDIyXC8wOVwvSHVpcy1Hcm9sLVJlbmVzc2UtMTgtc2NhbGVkLmpwZyIsInNsaWRlc2hvdyI6IjBjMzk5NjgifQ%3D%3D\">\n\t\t\t\t\t<div class=\"e-gallery-image elementor-gallery-item__image\" data-thumbnail=\"https:\/\/pensiongrol.nl\/wp-content\/uploads\/2022\/09\/Huis-Grol-Renesse-18-1024x683.jpg\" data-width=\"580\" data-height=\"387\" aria-label=\"\" role=\"img\" ><\/div>\n\t\t\t\t\t\t\t\t\t\t\t<div class=\"elementor-gallery-item__overlay\"><\/div>\n\t\t\t\t\t\t\t\t\t\t\t\t\t\t<\/a>\n\t\t\t\t\t\t\t<a class=\"e-gallery-item elementor-gallery-item elementor-animated-content\" href=\"https:\/\/pensiongrol.nl\/wp-content\/uploads\/2023\/03\/Huis-Grol-Renesse-35.jpg\" data-elementor-open-lightbox=\"yes\" data-elementor-lightbox-slideshow=\"0c39968\" data-e-action-hash=\"#elementor-action%3Aaction%3Dlightbox%26settings%3DeyJpZCI6MTAxNDcsInVybCI6Imh0dHBzOlwvXC9wZW5zaW9uZ3JvbC5ubFwvd3AtY29udGVudFwvdXBsb2Fkc1wvMjAyM1wvMDNcL0h1aXMtR3JvbC1SZW5lc3NlLTM1LmpwZyIsInNsaWRlc2hvdyI6IjBjMzk5NjgifQ%3D%3D\">\n\t\t\t\t\t<div class=\"e-gallery-image elementor-gallery-item__image\" data-thumbnail=\"https:\/\/pensiongrol.nl\/wp-content\/uploads\/2023\/03\/Huis-Grol-Renesse-35-1024x682.jpg\" data-width=\"580\" data-height=\"386\" aria-label=\"\" role=\"img\" ><\/div>\n\t\t\t\t\t\t\t\t\t\t\t<div class=\"elementor-gallery-item__overlay\"><\/div>\n\t\t\t\t\t\t\t\t\t\t\t\t\t\t<\/a>\n\t\t\t\t\t\t\t<a class=\"e-gallery-item elementor-gallery-item elementor-animated-content\" href=\"https:\/\/pensiongrol.nl\/wp-content\/uploads\/2022\/09\/Huis-Grol-Renesse-27-scaled.jpg\" data-elementor-open-lightbox=\"yes\" data-elementor-lightbox-slideshow=\"0c39968\" data-e-action-hash=\"#elementor-action%3Aaction%3Dlightbox%26settings%3DeyJpZCI6NDAzNywidXJsIjoiaHR0cHM6XC9cL3BlbnNpb25ncm9sLm5sXC93cC1jb250ZW50XC91cGxvYWRzXC8yMDIyXC8wOVwvSHVpcy1Hcm9sLVJlbmVzc2UtMjctc2NhbGVkLmpwZyIsInNsaWRlc2hvdyI6IjBjMzk5NjgifQ%3D%3D\">\n\t\t\t\t\t<div class=\"e-gallery-image elementor-gallery-item__image\" data-thumbnail=\"https:\/\/pensiongrol.nl\/wp-content\/uploads\/2022\/09\/Huis-Grol-Renesse-27-1024x683.jpg\" data-width=\"580\" data-height=\"387\" aria-label=\"\" role=\"img\" ><\/div>\n\t\t\t\t\t\t\t\t\t\t\t<div class=\"elementor-gallery-item__overlay\"><\/div>\n\t\t\t\t\t\t\t\t\t\t\t\t\t\t<\/a>\n\t\t\t\t\t<\/div>\n\t\t\t\t\t<\/div>\n\t\t\t\t\t<\/div>\n\t\t<\/div>\n\t\t\t\t\t<\/div>\n\t\t<\/section>\n\t\t\t\t<\/div>\n\t\t","protected":false},"excerpt":{"rendered":"<p>Jardin La pension Grol poss\u00e8de un magnifique jardin (3000 m\u00b2) dans le style paysager Anglais. Notre jardin est une oasis de calme contrastant avec l\u2019effervescence de la ville de Renesse. Habituellement le copieux petit d\u00e9jeuner, avec jus d\u2019orange frais, est servi dans votre chambre. Si le temps le permet, vous pouvez aussi d\u00e9jeuner dans notre [&hellip;]<\/p>\n","protected":false},"author":3,"featured_media":0,"parent":0,"menu_order":29,"comment_status":"closed","ping_status":"closed","template":"elementor_header_footer","meta":{"_acf_changed":false,"footnotes":""},"class_list":["post-4465","page","type-page","status-publish","hentry"],"acf":[],"_links":{"self":[{"href":"https:\/\/pensiongrol.nl\/fr\/wp-json\/wp\/v2\/pages\/4465","targetHints":{"allow":["GET"]}}],"collection":[{"href":"https:\/\/pensiongrol.nl\/fr\/wp-json\/wp\/v2\/pages"}],"about":[{"href":"https:\/\/pensiongrol.nl\/fr\/wp-json\/wp\/v2\/types\/page"}],"author":[{"embeddable":true,"href":"https:\/\/pensiongrol.nl\/fr\/wp-json\/wp\/v2\/users\/3"}],"replies":[{"embeddable":true,"href":"https:\/\/pensiongrol.nl\/fr\/wp-json\/wp\/v2\/comments?post=4465"}],"version-history":[{"count":25,"href":"https:\/\/pensiongrol.nl\/fr\/wp-json\/wp\/v2\/pages\/4465\/revisions"}],"predecessor-version":[{"id":10776,"href":"https:\/\/pensiongrol.nl\/fr\/wp-json\/wp\/v2\/pages\/4465\/revisions\/10776"}],"wp:attachment":[{"href":"https:\/\/pensiongrol.nl\/fr\/wp-json\/wp\/v2\/media?parent=4465"}],"curies":[{"name":"wp","href":"https:\/\/api.w.org\/{rel}","templated":true}]}}