{"id":5846,"date":"2010-09-28T18:30:16","date_gmt":"2010-09-28T18:30:16","guid":{"rendered":"https:\/\/pensiongrol.nl\/?post_type=product&#038;p=5846"},"modified":"2026-03-27T12:07:04","modified_gmt":"2026-03-27T12:07:04","slug":"prestigezimmer","status":"publish","type":"product","link":"https:\/\/pensiongrol.nl\/de\/produkt\/prestigezimmer\/","title":{"rendered":"PRESTIGEZIMMER"},"content":{"rendered":"\t\t<div data-elementor-type=\"product-post\" data-elementor-id=\"5846\" class=\"elementor elementor-5846\" data-elementor-post-type=\"product\">\n\t\t\t\t\t\t<section class=\"elementor-section elementor-top-section elementor-element elementor-element-243d7ff elementor-section-boxed elementor-section-height-default elementor-section-height-default\" data-id=\"243d7ff\" data-element_type=\"section\" data-e-type=\"section\">\n\t\t\t\t\t\t<div class=\"elementor-container elementor-column-gap-default\">\n\t\t\t\t\t<div class=\"elementor-column elementor-col-100 elementor-top-column elementor-element elementor-element-7bd9f0c6\" data-id=\"7bd9f0c6\" data-element_type=\"column\" data-e-type=\"column\">\n\t\t\t<div class=\"elementor-widget-wrap elementor-element-populated\">\n\t\t\t\t\t\t<div class=\"elementor-element elementor-element-34f7a2da elementor-widget elementor-widget-text-editor\" data-id=\"34f7a2da\" data-element_type=\"widget\" data-e-type=\"widget\" data-widget_type=\"text-editor.default\">\n\t\t\t\t\t\t\t\t\t<p>Das Prestigezimmer ist ein sehr gro\u00dfz\u00fcgiges, gut ausgestattetes Doppelzimmer und befindet sich im Erdgescho\u00df. Der Raum ist gem\u00fctlich eingerichtet und hat ein pr\u00e4chtiges und sehr hochwertiges Doppelbett. Des Weiteren gibt es eine tolle Duschkabine mit verschiedenen Massagefunktionen. Nat\u00fcrlich kann man die Dusche auch ganz ohne die Sonderfunktionen benutzen.<\/p>\n<ul class=\"badkamer\">\n<li>Doppelbett (1,80 m x 2,00 m)<\/li>\n<li>Duschkabine, diese befindet sich im Raum und nicht im Bad!<\/li>\n<li>Badezimmer mit Toilette und Waschtisch<\/li>\n<li>Esstisch mit zwei St\u00fchlen<\/li>\n<li>Sitzecke mit zwei Sesseln, die Sitzecke ist im Wintergarten am Eingang, geh\u00f6rt aber zu Ihrem Zimmer<\/li>\n<li>Kleiderschrank<\/li>\n<li>Gro\u00dfer SMEG K\u00fchlschrank<\/li>\n<li>Klimaanlage zum K\u00fchlen und Heizen .<\/li>\n<li>Drehbarer Fernseher mit Flachbildschirm; man kann gem\u00fctlich vom Bett aus fernsehen<\/li>\n<\/ul>\n<p><strong>Der Preis f\u00fcr dieses Zimmer variiert zwischen 160 \u20ac und 200 \u20ac pro Zimmer und Nacht. Fr\u00fchst\u00fcck und Kurtaxe sind inklusive.<\/strong><\/p>\t\t\t\t\t\t\t\t<\/div>\n\t\t\t\t\t<\/div>\n\t\t<\/div>\n\t\t\t\t\t<\/div>\n\t\t<\/section>\n\t\t\t\t<\/div>\n\t\t","protected":false},"excerpt":{"rendered":"<p>De Tulpenkamer is een luxe tweepersoonskamer met tweepersoons boxpringbed. Voorheen heette de Tulpenkamer de \u201cGele Kamer\u201d. Het is een hele lichte kamer, gelegen op de eerste etage<\/p>\n","protected":false},"featured_media":10127,"template":"","meta":{"_acf_changed":false},"product_brand":[],"product_cat":[],"product_tag":[],"class_list":{"0":"post-5846","1":"product","2":"type-product","3":"status-publish","4":"has-post-thumbnail","7":"first","8":"instock","9":"shipping-taxable","10":"product-type-simple"},"acf":[],"_links":{"self":[{"href":"https:\/\/pensiongrol.nl\/de\/wp-json\/wp\/v2\/product\/5846","targetHints":{"allow":["GET"]}}],"collection":[{"href":"https:\/\/pensiongrol.nl\/de\/wp-json\/wp\/v2\/product"}],"about":[{"href":"https:\/\/pensiongrol.nl\/de\/wp-json\/wp\/v2\/types\/product"}],"version-history":[{"count":17,"href":"https:\/\/pensiongrol.nl\/de\/wp-json\/wp\/v2\/product\/5846\/revisions"}],"predecessor-version":[{"id":11329,"href":"https:\/\/pensiongrol.nl\/de\/wp-json\/wp\/v2\/product\/5846\/revisions\/11329"}],"wp:featuredmedia":[{"embeddable":true,"href":"https:\/\/pensiongrol.nl\/de\/wp-json\/wp\/v2\/media\/10127"}],"wp:attachment":[{"href":"https:\/\/pensiongrol.nl\/de\/wp-json\/wp\/v2\/media?parent=5846"}],"wp:term":[{"taxonomy":"product_brand","embeddable":true,"href":"https:\/\/pensiongrol.nl\/de\/wp-json\/wp\/v2\/product_brand?post=5846"},{"taxonomy":"product_cat","embeddable":true,"href":"https:\/\/pensiongrol.nl\/de\/wp-json\/wp\/v2\/product_cat?post=5846"},{"taxonomy":"product_tag","embeddable":true,"href":"https:\/\/pensiongrol.nl\/de\/wp-json\/wp\/v2\/product_tag?post=5846"}],"curies":[{"name":"wp","href":"https:\/\/api.w.org\/{rel}","templated":true}]}}