{"id":5844,"date":"2012-09-28T18:25:16","date_gmt":"2012-09-28T18:25:16","guid":{"rendered":"https:\/\/pensiongrol.nl\/?post_type=product&#038;p=5844"},"modified":"2026-03-27T12:07:47","modified_gmt":"2026-03-27T12:07:47","slug":"sonnenzimmer","status":"publish","type":"product","link":"https:\/\/pensiongrol.nl\/de\/produkt\/sonnenzimmer\/","title":{"rendered":"SONNENZIMMER"},"content":{"rendered":"\t\t<div data-elementor-type=\"product-post\" data-elementor-id=\"5844\" class=\"elementor elementor-5844\" data-elementor-post-type=\"product\">\n\t\t\t\t\t\t<section class=\"elementor-section elementor-top-section elementor-element elementor-element-222b04dd elementor-section-boxed elementor-section-height-default elementor-section-height-default\" data-id=\"222b04dd\" data-element_type=\"section\" data-e-type=\"section\">\n\t\t\t\t\t\t<div class=\"elementor-container elementor-column-gap-default\">\n\t\t\t\t\t<div class=\"elementor-column elementor-col-100 elementor-top-column elementor-element elementor-element-4361019b\" data-id=\"4361019b\" data-element_type=\"column\" data-e-type=\"column\">\n\t\t\t<div class=\"elementor-widget-wrap elementor-element-populated\">\n\t\t\t\t\t\t<div class=\"elementor-element elementor-element-1e4859b0 elementor-widget elementor-widget-text-editor\" data-id=\"1e4859b0\" data-element_type=\"widget\" data-e-type=\"widget\" data-widget_type=\"text-editor.default\">\n\t\t\t\t\t\t\t\t\t<p>Beim Sonnenzimmer handelt es sich um unser Einzelzimmer auf der ersten Etage. Obwohl dieses Zimmer kleiner ist als unsere Doppelzimmer, haben wir es nat\u00fcrlich sehr liebevoll und gem\u00fctlich hergerichtet. Selbstverst\u00e4ndlich hat das Zimmer auch ein Bad.<\/p>\n<ul>\n<li>Einzelbett (0,90 m x 2,00 m)<\/li>\n<li>Dusche und Toilette<\/li>\n<li>Klapptisch mit einem Stuhl<\/li>\n<li>Klimaanlage zum K\u00fchlen und Heizen<\/li>\n<li>Kleiderschrank<\/li>\n<li>Kleiner K\u00fchlschrank<\/li>\n<li>Drehbarer Fernseher mit Flachbildschirm; man kann auch vom Bett aus fernsehen.<\/li>\n<\/ul>\n<p><strong>Der Preis f\u00fcr dieses Zimmer variiert zwischen 75 \u20ac und 115 \u20ac pro Zimmer und Nacht. Fr\u00fchst\u00fcck und Kurtaxe sind inklusive.<\/strong><\/p>\t\t\t\t\t\t\t\t<\/div>\n\t\t\t\t\t<\/div>\n\t\t<\/div>\n\t\t\t\t\t<\/div>\n\t\t<\/section>\n\t\t\t\t<\/div>\n\t\t","protected":false},"excerpt":{"rendered":"<p>Beim Sonnenzimmer handelt es sich um unser Einzelzimmer auf der ersten Etage. Obwohl dieses Zimmer kleiner ist &#8230;<\/p>\n","protected":false},"featured_media":4393,"template":"","meta":{"_acf_changed":false},"product_brand":[],"product_cat":[68],"product_tag":[],"class_list":{"0":"post-5844","1":"product","2":"type-product","3":"status-publish","4":"has-post-thumbnail","6":"product_cat-unter","8":"first","9":"instock","10":"shipping-taxable","11":"product-type-simple"},"acf":[],"_links":{"self":[{"href":"https:\/\/pensiongrol.nl\/de\/wp-json\/wp\/v2\/product\/5844","targetHints":{"allow":["GET"]}}],"collection":[{"href":"https:\/\/pensiongrol.nl\/de\/wp-json\/wp\/v2\/product"}],"about":[{"href":"https:\/\/pensiongrol.nl\/de\/wp-json\/wp\/v2\/types\/product"}],"version-history":[{"count":13,"href":"https:\/\/pensiongrol.nl\/de\/wp-json\/wp\/v2\/product\/5844\/revisions"}],"predecessor-version":[{"id":11340,"href":"https:\/\/pensiongrol.nl\/de\/wp-json\/wp\/v2\/product\/5844\/revisions\/11340"}],"wp:featuredmedia":[{"embeddable":true,"href":"https:\/\/pensiongrol.nl\/de\/wp-json\/wp\/v2\/media\/4393"}],"wp:attachment":[{"href":"https:\/\/pensiongrol.nl\/de\/wp-json\/wp\/v2\/media?parent=5844"}],"wp:term":[{"taxonomy":"product_brand","embeddable":true,"href":"https:\/\/pensiongrol.nl\/de\/wp-json\/wp\/v2\/product_brand?post=5844"},{"taxonomy":"product_cat","embeddable":true,"href":"https:\/\/pensiongrol.nl\/de\/wp-json\/wp\/v2\/product_cat?post=5844"},{"taxonomy":"product_tag","embeddable":true,"href":"https:\/\/pensiongrol.nl\/de\/wp-json\/wp\/v2\/product_tag?post=5844"}],"curies":[{"name":"wp","href":"https:\/\/api.w.org\/{rel}","templated":true}]}}