{"id":5843,"date":"2014-09-28T18:25:16","date_gmt":"2014-09-28T18:25:16","guid":{"rendered":"https:\/\/pensiongrol.nl\/?post_type=product&#038;p=5843"},"modified":"2026-03-27T12:05:38","modified_gmt":"2026-03-27T12:05:38","slug":"gartenzimmer","status":"publish","type":"product","link":"https:\/\/pensiongrol.nl\/de\/produkt\/gartenzimmer\/","title":{"rendered":"GARTENZIMMER"},"content":{"rendered":"\t\t<div data-elementor-type=\"product-post\" data-elementor-id=\"5843\" class=\"elementor elementor-5843\" data-elementor-post-type=\"product\">\n\t\t\t\t\t\t<section class=\"elementor-section elementor-top-section elementor-element elementor-element-12c5b936 elementor-section-boxed elementor-section-height-default elementor-section-height-default\" data-id=\"12c5b936\" data-element_type=\"section\" data-e-type=\"section\">\n\t\t\t\t\t\t<div class=\"elementor-container elementor-column-gap-default\">\n\t\t\t\t\t<div class=\"elementor-column elementor-col-100 elementor-top-column elementor-element elementor-element-576ec60e\" data-id=\"576ec60e\" data-element_type=\"column\" data-e-type=\"column\">\n\t\t\t<div class=\"elementor-widget-wrap elementor-element-populated\">\n\t\t\t\t\t\t<div class=\"elementor-element elementor-element-24f861d9 elementor-widget elementor-widget-text-editor\" data-id=\"24f861d9\" data-element_type=\"widget\" data-e-type=\"widget\" data-widget_type=\"text-editor.default\">\n\t\t\t\t\t\t\t\t\t<p>Das luxuri\u00f6se Gartenzimmer ist f\u00fcr zwei Personen gedacht und befindet sich auf der ersten Etage. Den Namen hat das Zimmer wegen der phantastischen Aussicht in unseren Garten. Das Zimmer ist sehr romantisch hergerichtet, in einer Nische befindet sich das kuschelige Doppelbett mit Bettvorh\u00e4ngen. Das ger\u00e4umige Bad verf\u00fcgt \u00fcber eine Dusche und einen Whirlpool.<\/p>\n<ul class=\"badkamer\">\n<li>Doppelbett (1,60 m x 2,10 m)<\/li>\n<li>F\u00f6hn<\/li>\n<li>Whirlpool, Dusche und Toilette<\/li>\n<li>Sitzecke mit zwei St\u00fchlen<\/li>\n<li>Esstisch mit zwei St\u00fchlen<\/li>\n<li>Kleiderschrank<\/li>\n<li>Kleiner K\u00fchlschrank<\/li>\n<li>Drehbarer Flachbildfernseher; man kann auch vom Bett gem\u00fctlich fernsehen<\/li>\n<\/ul>\n<p><strong>Der Preis f\u00fcr dieses Zimmer variiert zwischen 140 \u20ac und 180 \u20ac pro Zimmer und Nacht. Fr\u00fchst\u00fcck und Kurtaxe sind inklusive.<\/strong><\/p>\t\t\t\t\t\t\t\t<\/div>\n\t\t\t\t\t<\/div>\n\t\t<\/div>\n\t\t\t\t\t<\/div>\n\t\t<\/section>\n\t\t\t\t<\/div>\n\t\t","protected":false},"excerpt":{"rendered":"<p>Das luxuri\u00f6se Gartenzimmer ist f\u00fcr zwei Personen gedacht und befindet sich auf der ersten Etage. Den Namen hat das &#8230;<\/p>\n","protected":false},"featured_media":4390,"template":"","meta":{"_acf_changed":false},"product_brand":[],"product_cat":[68],"product_tag":[],"class_list":{"0":"post-5843","1":"product","2":"type-product","3":"status-publish","4":"has-post-thumbnail","6":"product_cat-unter","8":"first","9":"instock","10":"shipping-taxable","11":"product-type-simple"},"acf":[],"_links":{"self":[{"href":"https:\/\/pensiongrol.nl\/de\/wp-json\/wp\/v2\/product\/5843","targetHints":{"allow":["GET"]}}],"collection":[{"href":"https:\/\/pensiongrol.nl\/de\/wp-json\/wp\/v2\/product"}],"about":[{"href":"https:\/\/pensiongrol.nl\/de\/wp-json\/wp\/v2\/types\/product"}],"version-history":[{"count":16,"href":"https:\/\/pensiongrol.nl\/de\/wp-json\/wp\/v2\/product\/5843\/revisions"}],"predecessor-version":[{"id":11338,"href":"https:\/\/pensiongrol.nl\/de\/wp-json\/wp\/v2\/product\/5843\/revisions\/11338"}],"wp:featuredmedia":[{"embeddable":true,"href":"https:\/\/pensiongrol.nl\/de\/wp-json\/wp\/v2\/media\/4390"}],"wp:attachment":[{"href":"https:\/\/pensiongrol.nl\/de\/wp-json\/wp\/v2\/media?parent=5843"}],"wp:term":[{"taxonomy":"product_brand","embeddable":true,"href":"https:\/\/pensiongrol.nl\/de\/wp-json\/wp\/v2\/product_brand?post=5843"},{"taxonomy":"product_cat","embeddable":true,"href":"https:\/\/pensiongrol.nl\/de\/wp-json\/wp\/v2\/product_cat?post=5843"},{"taxonomy":"product_tag","embeddable":true,"href":"https:\/\/pensiongrol.nl\/de\/wp-json\/wp\/v2\/product_tag?post=5843"}],"curies":[{"name":"wp","href":"https:\/\/api.w.org\/{rel}","templated":true}]}}