{"id":5842,"date":"2015-09-28T18:25:16","date_gmt":"2015-09-28T18:25:16","guid":{"rendered":"https:\/\/pensiongrol.nl\/?post_type=product&#038;p=5842"},"modified":"2026-03-27T12:04:50","modified_gmt":"2026-03-27T12:04:50","slug":"rosenzimmer","status":"publish","type":"product","link":"https:\/\/pensiongrol.nl\/de\/produkt\/rosenzimmer\/","title":{"rendered":"ROSENZIMMER"},"content":{"rendered":"\t\t<div data-elementor-type=\"product-post\" data-elementor-id=\"5842\" class=\"elementor elementor-5842\" data-elementor-post-type=\"product\">\n\t\t\t\t\t\t<section class=\"elementor-section elementor-top-section elementor-element elementor-element-7d430a31 elementor-section-boxed elementor-section-height-default elementor-section-height-default\" data-id=\"7d430a31\" data-element_type=\"section\" data-e-type=\"section\">\n\t\t\t\t\t\t<div class=\"elementor-container elementor-column-gap-default\">\n\t\t\t\t\t<div class=\"elementor-column elementor-col-100 elementor-top-column elementor-element elementor-element-3b190aa2\" data-id=\"3b190aa2\" data-element_type=\"column\" data-e-type=\"column\">\n\t\t\t<div class=\"elementor-widget-wrap elementor-element-populated\">\n\t\t\t\t\t\t<div class=\"elementor-element elementor-element-b7c5e72 elementor-widget elementor-widget-text-editor\" data-id=\"b7c5e72\" data-element_type=\"widget\" data-e-type=\"widget\" data-widget_type=\"text-editor.default\">\n\t\t\t\t\t\t\t\t\t<p>Unser sch\u00f6nes Rosenzimmer befindet sich auf der ersten Etage und ist mit einem ger\u00e4umigen Bett ausgestattet. Das besondere Flair erh\u00e4lt dieser Raum durch die Rosengardinen und die sch\u00f6nen Tapeten mit Rosenmuster.<\/p>\n<ul class=\"badkamer\">\n<li>Doppelbett (1,80 m x 2,10 m)<\/li>\n<li>Dusche und Toilette<\/li>\n<li>Sitzecke mit zwei St\u00fchlen<\/li>\n<li>Esstisch mit zwei St\u00fchlen<\/li>\n<li>Kleiderschrank<\/li>\n<li>Kleiner K\u00fchlschrank<\/li>\n<li>Drehbarer Fernseher mit Flachbildfschirm; man kann gem\u00fctlich vom Bett aus fernsehen.<\/li>\n<\/ul>\n<p><strong>Der Preis f\u00fcr dieses Zimmer variiert zwischen 140 \u20ac und 180 \u20ac pro Zimmer und Nacht. Fr\u00fchst\u00fcck und Kurtaxe sind inklusive.<\/strong><\/p>\t\t\t\t\t\t\t\t<\/div>\n\t\t\t\t\t<\/div>\n\t\t<\/div>\n\t\t\t\t\t<\/div>\n\t\t<\/section>\n\t\t\t\t<\/div>\n\t\t","protected":false},"excerpt":{"rendered":"<p>Unser sch\u00f6nes Rosenzimmer befindet sich auf der ersten Etage und ist mit einem ger\u00e4umigen Bett ausgestattet &#8230;<\/p>\n","protected":false},"featured_media":4387,"template":"","meta":{"_acf_changed":false},"product_brand":[],"product_cat":[67],"product_tag":[],"class_list":{"0":"post-5842","1":"product","2":"type-product","3":"status-publish","4":"has-post-thumbnail","6":"product_cat-oben","8":"first","9":"instock","10":"shipping-taxable","11":"product-type-simple"},"acf":[],"_links":{"self":[{"href":"https:\/\/pensiongrol.nl\/de\/wp-json\/wp\/v2\/product\/5842","targetHints":{"allow":["GET"]}}],"collection":[{"href":"https:\/\/pensiongrol.nl\/de\/wp-json\/wp\/v2\/product"}],"about":[{"href":"https:\/\/pensiongrol.nl\/de\/wp-json\/wp\/v2\/types\/product"}],"version-history":[{"count":16,"href":"https:\/\/pensiongrol.nl\/de\/wp-json\/wp\/v2\/product\/5842\/revisions"}],"predecessor-version":[{"id":11337,"href":"https:\/\/pensiongrol.nl\/de\/wp-json\/wp\/v2\/product\/5842\/revisions\/11337"}],"wp:featuredmedia":[{"embeddable":true,"href":"https:\/\/pensiongrol.nl\/de\/wp-json\/wp\/v2\/media\/4387"}],"wp:attachment":[{"href":"https:\/\/pensiongrol.nl\/de\/wp-json\/wp\/v2\/media?parent=5842"}],"wp:term":[{"taxonomy":"product_brand","embeddable":true,"href":"https:\/\/pensiongrol.nl\/de\/wp-json\/wp\/v2\/product_brand?post=5842"},{"taxonomy":"product_cat","embeddable":true,"href":"https:\/\/pensiongrol.nl\/de\/wp-json\/wp\/v2\/product_cat?post=5842"},{"taxonomy":"product_tag","embeddable":true,"href":"https:\/\/pensiongrol.nl\/de\/wp-json\/wp\/v2\/product_tag?post=5842"}],"curies":[{"name":"wp","href":"https:\/\/api.w.org\/{rel}","templated":true}]}}