{"id":5839,"date":"2018-09-28T18:25:15","date_gmt":"2018-09-28T18:25:15","guid":{"rendered":"https:\/\/pensiongrol.nl\/?post_type=product&#038;p=5839"},"modified":"2026-03-27T12:02:20","modified_gmt":"2026-03-27T12:02:20","slug":"engelzimmer","status":"publish","type":"product","link":"https:\/\/pensiongrol.nl\/de\/produkt\/engelzimmer\/","title":{"rendered":"ENGELZIMMER"},"content":{"rendered":"\t\t<div data-elementor-type=\"product-post\" data-elementor-id=\"5839\" class=\"elementor elementor-5839\" data-elementor-post-type=\"product\">\n\t\t\t\t\t\t<section class=\"elementor-section elementor-top-section elementor-element elementor-element-21a44bc elementor-section-boxed elementor-section-height-default elementor-section-height-default\" data-id=\"21a44bc\" data-element_type=\"section\" data-e-type=\"section\">\n\t\t\t\t\t\t<div class=\"elementor-container elementor-column-gap-default\">\n\t\t\t\t\t<div class=\"elementor-column elementor-col-100 elementor-top-column elementor-element elementor-element-4c7cd995\" data-id=\"4c7cd995\" data-element_type=\"column\" data-e-type=\"column\">\n\t\t\t<div class=\"elementor-widget-wrap elementor-element-populated\">\n\t\t\t\t\t\t<div class=\"elementor-element elementor-element-6a39588b elementor-widget elementor-widget-text-editor\" data-id=\"6a39588b\" data-element_type=\"widget\" data-e-type=\"widget\" data-widget_type=\"text-editor.default\">\n\t\t\t\t\t\t\t\t\t<p>Unser Engelzimmer liegt ebenerdig und ist luxuri\u00f6s eingerichtet. Der Name des Zimmers bezieht sich auf das wundersch\u00f6ne Engelrelief im Bad. Den Rest des Zimmers haben wir dann auf dieses Thema abgestimmt und konnten so eine sehr sch\u00f6ne Atmosph\u00e4re schaffen.<\/p>\n<ul class=\"badkamer\">\n<li>Doppelbett (1,60 m x 2,10 m)<\/li>\n<li>Dusche und Toilette<\/li>\n<li>Esstisch mit zwei St\u00fchlen<\/li>\n<li>Kleiderschrank<\/li>\n<li>Kleiner K\u00fchlschrank<\/li>\n<li>Fernseher mit Flachbildschirm, man kann auch gem\u00fctlich vom Bett aus fernsehen<\/li>\n<\/ul>\n<p><strong>Der Preis f\u00fcr dieses Zimmer variiert zwischen 140 \u20ac und 180 \u20ac pro Zimmer und Nacht. Fr\u00fchst\u00fcck und Kurtaxe sind inklusive.<\/strong><\/p>\t\t\t\t\t\t\t\t<\/div>\n\t\t\t\t\t<\/div>\n\t\t<\/div>\n\t\t\t\t\t<\/div>\n\t\t<\/section>\n\t\t\t\t<\/div>\n\t\t","protected":false},"excerpt":{"rendered":"<p>Unser Engelzimmer liegt ebenerdig und ist luxuri\u00f6s eingerichtet. Der Name des Zimmers bezieht sich auf &#8230;<\/p>\n","protected":false},"featured_media":4372,"template":"","meta":{"_acf_changed":false},"product_brand":[],"product_cat":[67],"product_tag":[],"class_list":{"0":"post-5839","1":"product","2":"type-product","3":"status-publish","4":"has-post-thumbnail","6":"product_cat-oben","8":"first","9":"instock","10":"shipping-taxable","11":"product-type-simple"},"acf":[],"_links":{"self":[{"href":"https:\/\/pensiongrol.nl\/de\/wp-json\/wp\/v2\/product\/5839","targetHints":{"allow":["GET"]}}],"collection":[{"href":"https:\/\/pensiongrol.nl\/de\/wp-json\/wp\/v2\/product"}],"about":[{"href":"https:\/\/pensiongrol.nl\/de\/wp-json\/wp\/v2\/types\/product"}],"version-history":[{"count":15,"href":"https:\/\/pensiongrol.nl\/de\/wp-json\/wp\/v2\/product\/5839\/revisions"}],"predecessor-version":[{"id":11334,"href":"https:\/\/pensiongrol.nl\/de\/wp-json\/wp\/v2\/product\/5839\/revisions\/11334"}],"wp:featuredmedia":[{"embeddable":true,"href":"https:\/\/pensiongrol.nl\/de\/wp-json\/wp\/v2\/media\/4372"}],"wp:attachment":[{"href":"https:\/\/pensiongrol.nl\/de\/wp-json\/wp\/v2\/media?parent=5839"}],"wp:term":[{"taxonomy":"product_brand","embeddable":true,"href":"https:\/\/pensiongrol.nl\/de\/wp-json\/wp\/v2\/product_brand?post=5839"},{"taxonomy":"product_cat","embeddable":true,"href":"https:\/\/pensiongrol.nl\/de\/wp-json\/wp\/v2\/product_cat?post=5839"},{"taxonomy":"product_tag","embeddable":true,"href":"https:\/\/pensiongrol.nl\/de\/wp-json\/wp\/v2\/product_tag?post=5839"}],"curies":[{"name":"wp","href":"https:\/\/api.w.org\/{rel}","templated":true}]}}