{"id":5838,"date":"2020-09-28T18:25:15","date_gmt":"2020-09-28T18:25:15","guid":{"rendered":"https:\/\/pensiongrol.nl\/?post_type=product&#038;p=5838"},"modified":"2026-03-27T11:37:39","modified_gmt":"2026-03-27T11:37:39","slug":"zeelandzimmer","status":"publish","type":"product","link":"https:\/\/pensiongrol.nl\/de\/produkt\/zeelandzimmer\/","title":{"rendered":"ZEELANDZIMMER"},"content":{"rendered":"\t\t<div data-elementor-type=\"product-post\" data-elementor-id=\"5838\" class=\"elementor elementor-5838\" data-elementor-post-type=\"product\">\n\t\t\t\t\t\t<section class=\"elementor-section elementor-top-section elementor-element elementor-element-7c0f2375 elementor-section-boxed elementor-section-height-default elementor-section-height-default\" data-id=\"7c0f2375\" data-element_type=\"section\" data-e-type=\"section\">\n\t\t\t\t\t\t<div class=\"elementor-container elementor-column-gap-default\">\n\t\t\t\t\t<div class=\"elementor-column elementor-col-100 elementor-top-column elementor-element elementor-element-41ccf945\" data-id=\"41ccf945\" data-element_type=\"column\" data-e-type=\"column\">\n\t\t\t<div class=\"elementor-widget-wrap elementor-element-populated\">\n\t\t\t\t\t\t<div class=\"elementor-element elementor-element-6cd2ed06 elementor-widget elementor-widget-text-editor\" data-id=\"6cd2ed06\" data-element_type=\"widget\" data-e-type=\"widget\" data-widget_type=\"text-editor.default\">\n\t\t\t\t\t\t\t\t\t<p>Das Zeelandzimmer ist ein Standardzimmer f\u00fcr zwei Personen und liegt ebenerdig. Es handelt sich hierbei um eine Art Appartement mit kleinem Wohnraum, Schlafraum und Badezimmer mit ger\u00e4umiger Dusche. Das Zimmer hat einen eigenen Eingang, der \u00fcber Ihren kleinen Privatgarten erreichbar ist. Das Zimmer ist modern eingerichtet. Die Deckenh\u00f6he von 2,20 m ist niedriger als in den anderen Zimmern, der Durchgang zum Bad ist 1,80 m hoch!<\/p>\n<ul class=\"badkamer\">\n<li>Gro\u00dfes Doppelbett (1,80 m x 2,10 m)<\/li>\n<li>Sehr ger\u00e4umige Dusche und Toilette<\/li>\n<li>Sitzecke mit Sitzbank<\/li>\n<li>Esstisch mit zwei St\u00fchlen<\/li>\n<li>Ger\u00e4umiger Kleiderschrank<\/li>\n<li>Kleiner K\u00fchlschrank<\/li>\n<li>Fernseher mit Flachbildschirm<\/li>\n<li>Kleiner privater Garten<\/li>\n<li>Eigener Eingang<\/li>\n<\/ul>\n<p><strong>Der Preis f\u00fcr dieses Zimmer variiert zwischen 120 \u20ac und 160 \u20ac pro Zimmer und Nacht. Fr\u00fchst\u00fcck und Kurtaxe sind inklusive.<br><\/strong><\/p>\t\t\t\t\t\t\t\t<\/div>\n\t\t\t\t\t<\/div>\n\t\t<\/div>\n\t\t\t\t\t<\/div>\n\t\t<\/section>\n\t\t\t\t<\/div>\n\t\t","protected":false},"excerpt":{"rendered":"<p>Das Zeelandzimmer ist ein Standardzimmer f\u00fcr zwei Personen und liegt ebenerdig. Es handelt sich hierbei um eine ..<\/p>\n","protected":false},"featured_media":6344,"template":"","meta":{"_acf_changed":false},"product_brand":[],"product_cat":[67],"product_tag":[],"class_list":{"0":"post-5838","1":"product","2":"type-product","3":"status-publish","4":"has-post-thumbnail","6":"product_cat-oben","8":"first","9":"instock","10":"shipping-taxable","11":"product-type-simple"},"acf":[],"_links":{"self":[{"href":"https:\/\/pensiongrol.nl\/de\/wp-json\/wp\/v2\/product\/5838","targetHints":{"allow":["GET"]}}],"collection":[{"href":"https:\/\/pensiongrol.nl\/de\/wp-json\/wp\/v2\/product"}],"about":[{"href":"https:\/\/pensiongrol.nl\/de\/wp-json\/wp\/v2\/types\/product"}],"version-history":[{"count":21,"href":"https:\/\/pensiongrol.nl\/de\/wp-json\/wp\/v2\/product\/5838\/revisions"}],"predecessor-version":[{"id":11326,"href":"https:\/\/pensiongrol.nl\/de\/wp-json\/wp\/v2\/product\/5838\/revisions\/11326"}],"wp:featuredmedia":[{"embeddable":true,"href":"https:\/\/pensiongrol.nl\/de\/wp-json\/wp\/v2\/media\/6344"}],"wp:attachment":[{"href":"https:\/\/pensiongrol.nl\/de\/wp-json\/wp\/v2\/media?parent=5838"}],"wp:term":[{"taxonomy":"product_brand","embeddable":true,"href":"https:\/\/pensiongrol.nl\/de\/wp-json\/wp\/v2\/product_brand?post=5838"},{"taxonomy":"product_cat","embeddable":true,"href":"https:\/\/pensiongrol.nl\/de\/wp-json\/wp\/v2\/product_cat?post=5838"},{"taxonomy":"product_tag","embeddable":true,"href":"https:\/\/pensiongrol.nl\/de\/wp-json\/wp\/v2\/product_tag?post=5838"}],"curies":[{"name":"wp","href":"https:\/\/api.w.org\/{rel}","templated":true}]}}