{"id":4472,"date":"2022-09-08T07:07:45","date_gmt":"2022-09-08T07:07:45","guid":{"rendered":"https:\/\/pensiongrol.nl\/tuin\/"},"modified":"2023-03-31T06:49:19","modified_gmt":"2023-03-31T06:49:19","slug":"garten","status":"publish","type":"page","link":"https:\/\/pensiongrol.nl\/de\/garten\/","title":{"rendered":"Garten"},"content":{"rendered":"\t\t<div data-elementor-type=\"wp-page\" data-elementor-id=\"4472\" class=\"elementor elementor-4472 elementor-965\" data-elementor-post-type=\"page\">\n\t\t\t\t\t\t<section class=\"elementor-section elementor-top-section elementor-element elementor-element-5ff06de elementor-section-full_width elementor-section-height-min-height elementor-section-stretched elementor-section-items-bottom elementor-section-height-default\" data-id=\"5ff06de\" data-element_type=\"section\" data-e-type=\"section\" data-settings=\"{&quot;background_background&quot;:&quot;classic&quot;,&quot;stretch_section&quot;:&quot;section-stretched&quot;}\">\n\t\t\t\t\t\t<div class=\"elementor-container elementor-column-gap-no\">\n\t\t\t\t\t<div class=\"elementor-column elementor-col-100 elementor-top-column elementor-element elementor-element-bcf27f5\" data-id=\"bcf27f5\" data-element_type=\"column\" data-e-type=\"column\" data-settings=\"{&quot;background_background&quot;:&quot;classic&quot;}\">\n\t\t\t<div class=\"elementor-widget-wrap\">\n\t\t\t\t\t\t\t<\/div>\n\t\t<\/div>\n\t\t\t\t\t<\/div>\n\t\t<\/section>\n\t\t\t\t<section class=\"elementor-section elementor-top-section elementor-element elementor-element-c56f150 elementor-section-full_width elementor-section-content-top elementor-section-height-default elementor-section-height-default\" data-id=\"c56f150\" data-element_type=\"section\" data-e-type=\"section\">\n\t\t\t\t\t\t<div class=\"elementor-container elementor-column-gap-no\">\n\t\t\t\t\t<div class=\"elementor-column elementor-col-100 elementor-top-column elementor-element elementor-element-1f6ca22\" data-id=\"1f6ca22\" data-element_type=\"column\" data-e-type=\"column\">\n\t\t\t<div class=\"elementor-widget-wrap elementor-element-populated\">\n\t\t\t\t\t\t<div class=\"elementor-element elementor-element-a6c726a elementor-widget elementor-widget-template\" data-id=\"a6c726a\" data-element_type=\"widget\" data-e-type=\"widget\" data-widget_type=\"template.default\">\n\t\t\t\t<div class=\"elementor-widget-container\">\n\t\t\t\t\t\t\t<div class=\"elementor-template\">\n\t\t\t\t\t<div data-elementor-type=\"section\" data-elementor-id=\"6072\" class=\"elementor elementor-6072 elementor-5145 elementor-5145\" data-elementor-post-type=\"elementor_library\">\n\t\t\t\t\t<section class=\"elementor-section elementor-top-section elementor-element elementor-element-41c3a7a6 pick-date elementor-section-boxed elementor-section-height-default elementor-section-height-default\" data-id=\"41c3a7a6\" data-element_type=\"section\" data-e-type=\"section\" data-settings=\"{&quot;background_background&quot;:&quot;classic&quot;}\">\n\t\t\t\t\t\t<div class=\"elementor-container elementor-column-gap-default\">\n\t\t\t\t\t<div class=\"elementor-column elementor-col-100 elementor-top-column elementor-element elementor-element-eb5ff1a\" data-id=\"eb5ff1a\" data-element_type=\"column\" data-e-type=\"column\">\n\t\t\t<div class=\"elementor-widget-wrap elementor-element-populated\">\n\t\t\t\t\t\t<div class=\"elementor-element elementor-element-e579f68 elementor-widget elementor-widget-html\" data-id=\"e579f68\" data-element_type=\"widget\" data-e-type=\"widget\" data-widget_type=\"html.default\">\n\t\t\t\t\t<form action=\"https:\/\/reservations.cubilis.eu\/pension-t-huys-grol-renesse\/Rooms\/Select?Language=de-DE\" target=\"_blank\">\n<div class=\"date-time-filter\">\n  <div class=\"arrive-field\">\n<label for=\"arrive\">Ankunft<\/label>\n  <input type=\"date\" id=\"aankomst\" name=\"Arrival\">\n  <\/div>\n  <div class=\"dept-field\">\n  <label for=\"depat\">Abreise<\/label>\n  <input type=\"date\" id=\"vertrek\" name=\"Departure\">\n  <\/div>\n  <div class=\"dt-btn\">\n  <input type=\"submit\" value=\"Verf\u00fcgbarkeit pr\u00fcfen\">\n  <\/div>\n<\/div>\n<\/form>\t\t\t\t<\/div>\n\t\t\t\t\t<\/div>\n\t\t<\/div>\n\t\t\t\t\t<\/div>\n\t\t<\/section>\n\t\t\t\t<\/div>\n\t\t\t\t<\/div>\n\t\t\t\t\t\t<\/div>\n\t\t\t\t<\/div>\n\t\t\t\t\t<\/div>\n\t\t<\/div>\n\t\t\t\t\t<\/div>\n\t\t<\/section>\n\t\t\t\t<section class=\"elementor-section elementor-top-section elementor-element elementor-element-7a2d14d elementor-section-boxed elementor-section-height-default elementor-section-height-default\" data-id=\"7a2d14d\" data-element_type=\"section\" data-e-type=\"section\">\n\t\t\t\t\t\t<div class=\"elementor-container elementor-column-gap-default\">\n\t\t\t\t\t<div class=\"elementor-column elementor-col-100 elementor-top-column elementor-element elementor-element-ece17f9\" data-id=\"ece17f9\" data-element_type=\"column\" data-e-type=\"column\">\n\t\t\t<div class=\"elementor-widget-wrap elementor-element-populated\">\n\t\t\t\t\t\t<div class=\"elementor-element elementor-element-68a226c elementor-widget elementor-widget-heading\" data-id=\"68a226c\" data-element_type=\"widget\" data-e-type=\"widget\" data-widget_type=\"heading.default\">\n\t\t\t\t\t<h2 class=\"elementor-heading-title elementor-size-default\">Garten<\/h2>\t\t\t\t<\/div>\n\t\t\t\t<div class=\"elementor-element elementor-element-15ffc8f elementor-widget-divider--view-line elementor-widget elementor-widget-divider\" data-id=\"15ffc8f\" data-element_type=\"widget\" data-e-type=\"widget\" data-widget_type=\"divider.default\">\n\t\t\t\t\t\t\t<div class=\"elementor-divider\">\n\t\t\t<span class=\"elementor-divider-separator\">\n\t\t\t\t\t\t<\/span>\n\t\t<\/div>\n\t\t\t\t\t\t<\/div>\n\t\t\t\t<div class=\"elementor-element elementor-element-5873d96 elementor-widget elementor-widget-text-editor\" data-id=\"5873d96\" data-element_type=\"widget\" data-e-type=\"widget\" data-widget_type=\"text-editor.default\">\n\t\t\t\t\t\t\t\t\t<p>Pension Grol verf\u00fcgt \u00fcber einen pr\u00e4chtigen Garten von 3.000 m\u00b2, der im englischen Landhausstil angelegt ist. Inmitten des lebhaften Ortes Renesse ist dieser Garten eine echte Oase der Ruhe.<\/p><p><span style=\"font-size: inherit; text-align: inherit; letter-spacing: -0.015em;\">Sie haben die Wahl, wo Sie das reichhaltige Fr\u00fchst\u00fcck mit frisch gepresstem Orangensaft genie\u00dfen m\u00f6chten. Bei sch\u00f6nem Wetter k\u00f6nnen Sie in unserem herrlichen Garten fr\u00fchst\u00fccken, ansonsten bringen wir Ihnen das Fr\u00fchst\u00fcck gerne auf Ihr Zimmer. Sie bestimmen den Zeitpunkt, wir bereiten alles vor und bringen Ihnen das leckere Fr\u00fchst\u00fcck zwischen 8:30 und 09:30 Uhr vorbei, so wie wir es vorher besprochen haben.<\/span><\/p><p><span style=\"font-size: inherit; text-align: inherit; letter-spacing: -0.015em;\">Wir bieten Ihnen kostenlose Parkpl\u00e4tze in einem Teil des Gartens an. Nachts wird das Zugangstor der Pension abgeschlossen und Ihr Fahrzeug ist sicher aufgehoben. Ihre Fahrr\u00e4der k\u00f6nnen Sie gerne in unserer abschlie\u00dfbaren Scheune unterstellen. Wir haben dort auch eine Steckdose installiert, damit Sie Ihr E-Bike bequem aufladen k\u00f6nnen. Hinter einer weiteren T\u00fcr in der Scheune finden Sie St\u00fchle und Auflagen f\u00fcr Ihren Aufenthalt in unserem sch\u00f6nen Garten, da die St\u00fchle bei wechselhaftem Wetter nicht immer drau\u00dfen stehen. Selbstverst\u00e4ndlich k\u00f6nnen Sie jederzeit St\u00fchle und Auflagen nach drau\u00dfen holen, wenn Sie sich im Garten entspannen m\u00f6chten.<\/span><\/p><p><span style=\"font-size: inherit; text-align: inherit; letter-spacing: -0.015em;\">Pension Grol ist ein rauchfreies Haus, f\u00fcr unsere rauchenden G\u00e4ste haben wir deshalb im Garten einen \u00fcberdachten Raucherpavillon eingerichtet. Dieser befindet sich gegen\u00fcber der Fahrradscheune.<\/span><\/p>\t\t\t\t\t\t\t\t<\/div>\n\t\t\t\t\t<\/div>\n\t\t<\/div>\n\t\t\t\t\t<\/div>\n\t\t<\/section>\n\t\t\t\t<section class=\"elementor-section elementor-top-section elementor-element elementor-element-fe22abb elementor-section-boxed elementor-section-height-default elementor-section-height-default\" data-id=\"fe22abb\" data-element_type=\"section\" data-e-type=\"section\">\n\t\t\t\t\t\t<div class=\"elementor-container elementor-column-gap-default\">\n\t\t\t\t\t<div class=\"elementor-column elementor-col-100 elementor-top-column elementor-element elementor-element-b9083e0\" data-id=\"b9083e0\" data-element_type=\"column\" data-e-type=\"column\">\n\t\t\t<div class=\"elementor-widget-wrap elementor-element-populated\">\n\t\t\t\t\t\t<div class=\"elementor-element elementor-element-54a8677 elementor-widget elementor-widget-global elementor-global-10167 elementor-widget-gallery\" data-id=\"54a8677\" data-element_type=\"widget\" data-e-type=\"widget\" data-settings=\"{&quot;columns&quot;:3,&quot;lazyload&quot;:&quot;yes&quot;,&quot;gallery_layout&quot;:&quot;grid&quot;,&quot;columns_tablet&quot;:2,&quot;columns_mobile&quot;:1,&quot;gap&quot;:{&quot;unit&quot;:&quot;px&quot;,&quot;size&quot;:10,&quot;sizes&quot;:[]},&quot;gap_tablet&quot;:{&quot;unit&quot;:&quot;px&quot;,&quot;size&quot;:10,&quot;sizes&quot;:[]},&quot;gap_mobile&quot;:{&quot;unit&quot;:&quot;px&quot;,&quot;size&quot;:10,&quot;sizes&quot;:[]},&quot;link_to&quot;:&quot;file&quot;,&quot;aspect_ratio&quot;:&quot;3:2&quot;,&quot;overlay_background&quot;:&quot;yes&quot;,&quot;content_hover_animation&quot;:&quot;fade-in&quot;}\" data-widget_type=\"gallery.default\">\n\t\t\t\t\t\t\t<div class=\"elementor-gallery__container\">\n\t\t\t\t\t\t\t<a class=\"e-gallery-item elementor-gallery-item elementor-animated-content\" href=\"https:\/\/pensiongrol.nl\/wp-content\/uploads\/2023\/03\/RemoteMediaFile_6553680_0_2022_05_24_14_40_46.jpg\" data-elementor-open-lightbox=\"yes\" data-elementor-lightbox-slideshow=\"54a8677\" data-e-action-hash=\"#elementor-action%3Aaction%3Dlightbox%26settings%3DeyJpZCI6MTAxNTEsInVybCI6Imh0dHBzOlwvXC9wZW5zaW9uZ3JvbC5ubFwvd3AtY29udGVudFwvdXBsb2Fkc1wvMjAyM1wvMDNcL1JlbW90ZU1lZGlhRmlsZV82NTUzNjgwXzBfMjAyMl8wNV8yNF8xNF80MF80Ni5qcGciLCJzbGlkZXNob3ciOiI1NGE4Njc3In0%3D\">\n\t\t\t\t\t<div class=\"e-gallery-image elementor-gallery-item__image\" data-thumbnail=\"https:\/\/pensiongrol.nl\/wp-content\/uploads\/2023\/03\/RemoteMediaFile_6553680_0_2022_05_24_14_40_46-1024x576.jpg\" data-width=\"580\" data-height=\"326\" aria-label=\"\" role=\"img\" ><\/div>\n\t\t\t\t\t\t\t\t\t\t\t<div class=\"elementor-gallery-item__overlay\"><\/div>\n\t\t\t\t\t\t\t\t\t\t\t\t\t\t<\/a>\n\t\t\t\t\t\t\t<a class=\"e-gallery-item elementor-gallery-item elementor-animated-content\" href=\"https:\/\/pensiongrol.nl\/wp-content\/uploads\/2023\/03\/IMG_6922.jpeg\" data-elementor-open-lightbox=\"yes\" data-elementor-lightbox-slideshow=\"54a8677\" data-e-action-hash=\"#elementor-action%3Aaction%3Dlightbox%26settings%3DeyJpZCI6MTAxNTUsInVybCI6Imh0dHBzOlwvXC9wZW5zaW9uZ3JvbC5ubFwvd3AtY29udGVudFwvdXBsb2Fkc1wvMjAyM1wvMDNcL0lNR182OTIyLmpwZWciLCJzbGlkZXNob3ciOiI1NGE4Njc3In0%3D\">\n\t\t\t\t\t<div class=\"e-gallery-image elementor-gallery-item__image\" data-thumbnail=\"https:\/\/pensiongrol.nl\/wp-content\/uploads\/2023\/03\/IMG_6922-1024x768.jpeg\" data-width=\"580\" data-height=\"435\" aria-label=\"\" role=\"img\" ><\/div>\n\t\t\t\t\t\t\t\t\t\t\t<div class=\"elementor-gallery-item__overlay\"><\/div>\n\t\t\t\t\t\t\t\t\t\t\t\t\t\t<\/a>\n\t\t\t\t\t\t\t<a class=\"e-gallery-item elementor-gallery-item elementor-animated-content\" href=\"https:\/\/pensiongrol.nl\/wp-content\/uploads\/2023\/03\/Huis-Grol-Renesse-17.jpg\" data-elementor-open-lightbox=\"yes\" data-elementor-lightbox-slideshow=\"54a8677\" data-e-action-hash=\"#elementor-action%3Aaction%3Dlightbox%26settings%3DeyJpZCI6MTAxNTksInVybCI6Imh0dHBzOlwvXC9wZW5zaW9uZ3JvbC5ubFwvd3AtY29udGVudFwvdXBsb2Fkc1wvMjAyM1wvMDNcL0h1aXMtR3JvbC1SZW5lc3NlLTE3LmpwZyIsInNsaWRlc2hvdyI6IjU0YTg2NzcifQ%3D%3D\">\n\t\t\t\t\t<div class=\"e-gallery-image elementor-gallery-item__image\" data-thumbnail=\"https:\/\/pensiongrol.nl\/wp-content\/uploads\/2023\/03\/Huis-Grol-Renesse-17-1024x683.jpg\" data-width=\"580\" data-height=\"387\" aria-label=\"\" role=\"img\" ><\/div>\n\t\t\t\t\t\t\t\t\t\t\t<div class=\"elementor-gallery-item__overlay\"><\/div>\n\t\t\t\t\t\t\t\t\t\t\t\t\t\t<\/a>\n\t\t\t\t\t\t\t<a class=\"e-gallery-item elementor-gallery-item elementor-animated-content\" href=\"https:\/\/pensiongrol.nl\/wp-content\/uploads\/2022\/09\/Huis-Grol-Renesse-18-scaled.jpg\" data-elementor-open-lightbox=\"yes\" data-elementor-lightbox-slideshow=\"54a8677\" data-e-action-hash=\"#elementor-action%3Aaction%3Dlightbox%26settings%3DeyJpZCI6NDAzMSwidXJsIjoiaHR0cHM6XC9cL3BlbnNpb25ncm9sLm5sXC93cC1jb250ZW50XC91cGxvYWRzXC8yMDIyXC8wOVwvSHVpcy1Hcm9sLVJlbmVzc2UtMTgtc2NhbGVkLmpwZyIsInNsaWRlc2hvdyI6IjU0YTg2NzcifQ%3D%3D\">\n\t\t\t\t\t<div class=\"e-gallery-image elementor-gallery-item__image\" data-thumbnail=\"https:\/\/pensiongrol.nl\/wp-content\/uploads\/2022\/09\/Huis-Grol-Renesse-18-1024x683.jpg\" data-width=\"580\" data-height=\"387\" aria-label=\"\" role=\"img\" ><\/div>\n\t\t\t\t\t\t\t\t\t\t\t<div class=\"elementor-gallery-item__overlay\"><\/div>\n\t\t\t\t\t\t\t\t\t\t\t\t\t\t<\/a>\n\t\t\t\t\t\t\t<a class=\"e-gallery-item elementor-gallery-item elementor-animated-content\" href=\"https:\/\/pensiongrol.nl\/wp-content\/uploads\/2023\/03\/Huis-Grol-Renesse-35.jpg\" data-elementor-open-lightbox=\"yes\" data-elementor-lightbox-slideshow=\"54a8677\" data-e-action-hash=\"#elementor-action%3Aaction%3Dlightbox%26settings%3DeyJpZCI6MTAxNDcsInVybCI6Imh0dHBzOlwvXC9wZW5zaW9uZ3JvbC5ubFwvd3AtY29udGVudFwvdXBsb2Fkc1wvMjAyM1wvMDNcL0h1aXMtR3JvbC1SZW5lc3NlLTM1LmpwZyIsInNsaWRlc2hvdyI6IjU0YTg2NzcifQ%3D%3D\">\n\t\t\t\t\t<div class=\"e-gallery-image elementor-gallery-item__image\" data-thumbnail=\"https:\/\/pensiongrol.nl\/wp-content\/uploads\/2023\/03\/Huis-Grol-Renesse-35-1024x682.jpg\" data-width=\"580\" data-height=\"386\" aria-label=\"\" role=\"img\" ><\/div>\n\t\t\t\t\t\t\t\t\t\t\t<div class=\"elementor-gallery-item__overlay\"><\/div>\n\t\t\t\t\t\t\t\t\t\t\t\t\t\t<\/a>\n\t\t\t\t\t\t\t<a class=\"e-gallery-item elementor-gallery-item elementor-animated-content\" href=\"https:\/\/pensiongrol.nl\/wp-content\/uploads\/2022\/09\/Huis-Grol-Renesse-27-scaled.jpg\" data-elementor-open-lightbox=\"yes\" data-elementor-lightbox-slideshow=\"54a8677\" data-e-action-hash=\"#elementor-action%3Aaction%3Dlightbox%26settings%3DeyJpZCI6NDAzNywidXJsIjoiaHR0cHM6XC9cL3BlbnNpb25ncm9sLm5sXC93cC1jb250ZW50XC91cGxvYWRzXC8yMDIyXC8wOVwvSHVpcy1Hcm9sLVJlbmVzc2UtMjctc2NhbGVkLmpwZyIsInNsaWRlc2hvdyI6IjU0YTg2NzcifQ%3D%3D\">\n\t\t\t\t\t<div class=\"e-gallery-image elementor-gallery-item__image\" data-thumbnail=\"https:\/\/pensiongrol.nl\/wp-content\/uploads\/2022\/09\/Huis-Grol-Renesse-27-1024x683.jpg\" data-width=\"580\" data-height=\"387\" aria-label=\"\" role=\"img\" ><\/div>\n\t\t\t\t\t\t\t\t\t\t\t<div class=\"elementor-gallery-item__overlay\"><\/div>\n\t\t\t\t\t\t\t\t\t\t\t\t\t\t<\/a>\n\t\t\t\t\t<\/div>\n\t\t\t\t\t<\/div>\n\t\t\t\t\t<\/div>\n\t\t<\/div>\n\t\t\t\t\t<\/div>\n\t\t<\/section>\n\t\t\t\t<\/div>\n\t\t","protected":false},"excerpt":{"rendered":"<p>Garten Pension Grol verf\u00fcgt \u00fcber einen pr\u00e4chtigen Garten von 3.000 m\u00b2, der im englischen Landhausstil angelegt ist. Inmitten des lebhaften Ortes Renesse ist dieser Garten eine echte Oase der Ruhe. Sie haben die Wahl, wo Sie das reichhaltige Fr\u00fchst\u00fcck mit frisch gepresstem Orangensaft genie\u00dfen m\u00f6chten. Bei sch\u00f6nem Wetter k\u00f6nnen Sie in unserem herrlichen Garten fr\u00fchst\u00fccken, [&hellip;]<\/p>\n","protected":false},"author":3,"featured_media":0,"parent":0,"menu_order":29,"comment_status":"closed","ping_status":"closed","template":"elementor_header_footer","meta":{"_acf_changed":false,"footnotes":""},"class_list":["post-4472","page","type-page","status-publish","hentry"],"acf":[],"_links":{"self":[{"href":"https:\/\/pensiongrol.nl\/de\/wp-json\/wp\/v2\/pages\/4472","targetHints":{"allow":["GET"]}}],"collection":[{"href":"https:\/\/pensiongrol.nl\/de\/wp-json\/wp\/v2\/pages"}],"about":[{"href":"https:\/\/pensiongrol.nl\/de\/wp-json\/wp\/v2\/types\/page"}],"author":[{"embeddable":true,"href":"https:\/\/pensiongrol.nl\/de\/wp-json\/wp\/v2\/users\/3"}],"replies":[{"embeddable":true,"href":"https:\/\/pensiongrol.nl\/de\/wp-json\/wp\/v2\/comments?post=4472"}],"version-history":[{"count":31,"href":"https:\/\/pensiongrol.nl\/de\/wp-json\/wp\/v2\/pages\/4472\/revisions"}],"predecessor-version":[{"id":10766,"href":"https:\/\/pensiongrol.nl\/de\/wp-json\/wp\/v2\/pages\/4472\/revisions\/10766"}],"wp:attachment":[{"href":"https:\/\/pensiongrol.nl\/de\/wp-json\/wp\/v2\/media?parent=4472"}],"curies":[{"name":"wp","href":"https:\/\/api.w.org\/{rel}","templated":true}]}}